{"id":7372,"date":"2026-01-17T16:38:43","date_gmt":"2026-01-17T15:38:43","guid":{"rendered":"https:\/\/la-petite-fabrique-de-grammaire.fr\/?page_id=7372"},"modified":"2026-02-11T21:51:42","modified_gmt":"2026-02-11T20:51:42","slug":"alphabet-phonetique-international","status":"publish","type":"page","link":"https:\/\/la-petite-fabrique-de-grammaire.fr\/?page_id=7372","title":{"rendered":"Alphabet phon\u00e9tique international"},"content":{"rendered":"<p style=\"text-align: center;\"><strong>Alphabet Phon\u00e9tique International<\/strong><\/p>\n<p>&nbsp;<\/p>\n<p>Pour une version t\u00e9l\u00e9chargeable, cliquer <a href=\"http:\/\/la-petite-fabrique-de-grammaire.fr\/wp-content\/uploads\/2026\/02\/Alphabet-Phonetique-International.pdf\" target=\"_blank\" rel=\"noopener\">ici<\/a>.<\/p>\n<p>&nbsp;<\/p>\n<p><strong><em>Les voyelles orales<\/em><\/strong>\u00a0 \u00a0 \u00a0 \u00a0 \u00a0 \u00a0 \u00a0 \u00a0 \u00a0 \u00a0 <em><strong>\u00a0Les voyelles nasales<\/strong><\/em><\/p>\n<p><strong>a<\/strong>.\u00a0 b<strong><span style=\"color: #ff0000;\">a<\/span><\/strong>r\u00a0 \u00a0 \u00a0 \u00a0 \u00a0 \u00a0 \u00a0 \u00a0 \u00a0 \u00a0 \u00a0 \u00a0 \u00a0 \u00a0 \u00a0 \u00a0 \u00a0 \u00a0 \u00a0 \u00a0 \u00a0 \u00a0 \u00a0 \u00a0 \u00a0 \u00a0 <strong>\u0251\u0303<\/strong>.\u00a0 \u00a0b<strong><span style=\"color: #ff0000;\">an<\/span><\/strong>c<br \/>\n<strong>\u0251<\/strong>.\u00a0 b<strong><span style=\"color: #ff0000;\">\u00e2<\/span><\/strong>ter\u00a0 \u00a0 \u00a0 \u00a0 \u00a0 \u00a0 \u00a0 \u00a0 \u00a0 \u00a0 \u00a0 \u00a0 \u00a0 \u00a0 \u00a0 \u00a0 \u00a0 \u00a0 \u00a0 \u00a0 \u00a0 \u00a0 \u00a0 \u00a0 \u00a0<strong>\u025b\u0303<\/strong>.\u00a0 \u00a0b<strong><span style=\"color: #ff0000;\">ain<\/span><\/strong><br \/>\n<strong>e<\/strong>.\u00a0 bl<strong><span style=\"color: #ff0000;\">\u00e9<\/span><\/strong>\u00a0 \u00a0 \u00a0 \u00a0 \u00a0 \u00a0 \u00a0 \u00a0 \u00a0 \u00a0 \u00a0 \u00a0 \u00a0 \u00a0 \u00a0 \u00a0 \u00a0 \u00a0 \u00a0 \u00a0 \u00a0 \u00a0 \u00a0 \u00a0 \u00a0 \u00a0 <strong>\u0153\u0303<\/strong>.\u00a0 br<strong><span style=\"color: #ff0000;\">un<\/span><\/strong><br \/>\n<strong>\u025b<\/strong>.\u00a0 b<strong><span style=\"color: #ff0000;\">\u00ea<\/span><\/strong>te\u00a0 \u00a0 \u00a0 \u00a0 \u00a0 \u00a0 \u00a0 \u00a0 \u00a0 \u00a0 \u00a0 \u00a0 \u00a0 \u00a0 \u00a0 \u00a0 \u00a0 \u00a0 \u00a0 \u00a0 \u00a0 \u00a0 \u00a0 \u00a0 \u00a0 <strong>\u0254\u0303<\/strong>.\u00a0 \u00a0bl<strong><span style=\"color: #ff0000;\">on<\/span><\/strong>d<br \/>\n<strong>\u0259<\/strong>.\u00a0 b<strong><span style=\"color: #ff0000;\">e<\/span><\/strong>don<br \/>\n<strong>i<\/strong>.\u00a0 \u00a0b<strong><span style=\"color: #ff0000;\">i<\/span><\/strong>le\u00a0 \u00a0 \u00a0 \u00a0 \u00a0 \u00a0 \u00a0 \u00a0 \u00a0 \u00a0 \u00a0 \u00a0 \u00a0 \u00a0 \u00a0 \u00a0 \u00a0 \u00a0 \u00a0 \u00a0 \u00a0 \u00a0 <strong><em>Les demi-voyelles <\/em><\/strong>(n&rsquo;organisent pas une syllabe)<br \/>\n<strong>\u0153<\/strong>.b<strong><span style=\"color: #ff0000;\">\u0153u<\/span><\/strong>f<br \/>\n<strong>\u00f8<\/strong>. b<strong><span style=\"color: #ff0000;\">\u0153u<\/span><\/strong>fs\u00a0 \u00a0 \u00a0 \u00a0 \u00a0 \u00a0 \u00a0 \u00a0 \u00a0 \u00a0 \u00a0 \u00a0 \u00a0 \u00a0 \u00a0 \u00a0 \u00a0 \u00a0 \u00a0 \u00a0 \u00a0 \u00a0 \u00a0 \u00a0<strong>j<\/strong>.\u00a0 \u00a0b<strong><span style=\"color: #ff00ff;\">i<\/span><\/strong>en<br \/>\n<strong>o<\/strong>. b<strong><span style=\"color: #ff0000;\">eau<\/span><\/strong>\u00a0 \u00a0 \u00a0 \u00a0 \u00a0 \u00a0 \u00a0 \u00a0 \u00a0 \u00a0 \u00a0 \u00a0 \u00a0 \u00a0 \u00a0 \u00a0 \u00a0 \u00a0 \u00a0 \u00a0 \u00a0 \u00a0 \u00a0 \u00a0 \u00a0<strong>w<\/strong>. bab<strong><span style=\"color: #ff00ff;\">ou<\/span><\/strong>in<br \/>\n<strong>\u0254<\/strong>. b<strong><span style=\"color: #ff0000;\">o<\/span><\/strong>rd\u00a0 \u00a0 \u00a0 \u00a0 \u00a0 \u00a0 \u00a0 \u00a0 \u00a0 \u00a0 \u00a0 \u00a0 \u00a0 \u00a0 \u00a0 \u00a0 \u00a0 \u00a0 \u00a0 \u00a0 \u00a0 \u00a0 \u00a0 \u00a0 \u00a0 <strong>\u0265<\/strong>.\u00a0 b<strong><span style=\"color: #ff00ff;\">u<\/span><\/strong>is<br \/>\n<strong>u<\/strong>. b<strong><span style=\"color: #ff0000;\">ou<\/span><\/strong>c<br \/>\n<strong>y<\/strong>. b<strong><span style=\"color: #ff0000;\">u<\/span><\/strong>lle<\/p>\n<p>&nbsp;<\/p>\n<p><strong><em>Les consonnes occlusives<\/em><\/strong> (on coupe la colonne d&rsquo;air)<\/p>\n<p><strong><em>sourdes\u00a0 \u00a0 \u00a0 \u00a0 \u00a0 \u00a0 \u00a0 \u00a0 \u00a0 \u00a0 \u00a0 \u00a0 \u00a0 \u00a0 \u00a0 \u00a0 \u00a0 \u00a0 \u00a0 \u00a0 \u00a0 \u00a0 \u00a0 \u00a0 \u00a0 sonores<\/em><\/strong><br \/>\n(sans les cordes vocales)\u00a0 \u00a0 \u00a0 \u00a0 \u00a0 \u00a0 (avec les cordes vocales)<\/p>\n<p><strong>p<\/strong>.\u00a0 <strong><span style=\"color: #3366ff;\">p<\/span><\/strong>ou\u00a0 \u00a0 \u00a0 \u00a0 \u00a0 \u00a0 \u00a0 \u00a0 \u00a0 \u00a0 \u00a0 \u00a0 \u00a0 \u00a0 \u00a0 \u00a0 \u00a0 \u00a0 \u00a0 \u00a0 \u00a0 \u00a0 \u00a0 \u00a0 \u00a0<strong>b<\/strong>. <strong><span style=\"color: #3366ff;\">b<\/span><\/strong>out<br \/>\n<strong>k<\/strong>.\u00a0 <strong><span style=\"color: #3366ff;\">c<\/span><\/strong>al\u00a0 \u00a0 \u00a0 \u00a0 \u00a0 \u00a0 \u00a0 \u00a0 \u00a0 \u00a0 \u00a0 \u00a0 \u00a0 \u00a0 \u00a0 \u00a0 \u00a0 \u00a0 \u00a0 \u00a0 \u00a0 \u00a0 \u00a0 \u00a0 \u00a0 <strong>g<\/strong>. <strong><span style=\"color: #3366ff;\">g<\/span><\/strong>ale<br \/>\n<strong>t<\/strong>.\u00a0 <strong><span style=\"color: #3366ff;\">t<\/span><\/strong>ard\u00a0 \u00a0 \u00a0 \u00a0 \u00a0 \u00a0 \u00a0 \u00a0 \u00a0 \u00a0 \u00a0 \u00a0 \u00a0 \u00a0 \u00a0 \u00a0 \u00a0 \u00a0 \u00a0 \u00a0 \u00a0 \u00a0 \u00a0 \u00a0 \u00a0<strong>d<\/strong>. <strong><span style=\"color: #3366ff;\">d<\/span><\/strong>ard<\/p>\n<p><strong><em>Les consonnes fricatives<\/em><\/strong> (on resserre la colonne d&rsquo;air)<\/p>\n<p><strong>f<\/strong>.\u00a0 <strong><span style=\"color: #3366ff;\">f<\/span><\/strong>olle\u00a0 \u00a0 \u00a0 \u00a0 \u00a0 \u00a0 \u00a0 \u00a0 \u00a0 \u00a0 \u00a0 \u00a0 \u00a0 \u00a0 \u00a0 \u00a0 \u00a0 \u00a0 \u00a0 \u00a0 \u00a0 \u00a0 \u00a0 \u00a0 \u00a0<strong>v<\/strong>. <strong><span style=\"color: #3366ff;\">v<\/span><\/strong>ol<br \/>\n<strong>\u0283<\/strong>. <strong><span style=\"color: #3366ff;\">ch<\/span><\/strong>ar\u00a0 \u00a0 \u00a0 \u00a0 \u00a0 \u00a0 \u00a0 \u00a0 \u00a0 \u00a0 \u00a0 \u00a0 \u00a0 \u00a0 \u00a0 \u00a0 \u00a0 \u00a0 \u00a0 \u00a0 \u00a0 \u00a0 \u00a0 \u00a0 \u00a0<strong>\u0292<\/strong>. <strong><span style=\"color: #3366ff;\">j<\/span><\/strong>ars<br \/>\n<strong>s<\/strong>. <strong><span style=\"color: #3366ff;\">c<\/span><\/strong>inq.\u00a0 \u00a0 \u00a0 \u00a0 \u00a0 \u00a0 \u00a0 \u00a0 \u00a0 \u00a0 \u00a0 \u00a0 \u00a0 \u00a0 \u00a0 \u00a0 \u00a0 \u00a0 \u00a0 \u00a0 \u00a0 \u00a0 \u00a0 \u00a0 <strong>z<\/strong>. <strong><span style=\"color: #3366ff;\">z<\/span><\/strong>inc<\/p>\n<p>&nbsp;<\/p>\n<p><em><strong>Les consonnes nasales\u00a0 \u00a0 \u00a0 \u00a0 \u00a0 \u00a0 \u00a0 \u00a0 \u00a0Les consonnes liquides<\/strong><\/em><br \/>\n(la colonne passe par le nez)\u00a0 \u00a0 \u00a0(la colonne d&rsquo;air est juste modul\u00e9e, pas interrompue)<\/p>\n<p><strong>m<\/strong>. <strong><span style=\"color: #3366ff;\">m<\/span><\/strong>ont\u00a0 \u00a0 \u00a0 \u00a0 \u00a0 \u00a0 \u00a0 \u00a0 \u00a0 \u00a0 \u00a0 \u00a0 \u00a0 \u00a0 \u00a0 \u00a0 \u00a0 \u00a0 \u00a0 \u00a0 \u00a0 \u00a0 \u00a0<strong>l<\/strong>. <strong><span style=\"color: #3366ff;\">l<\/span><\/strong>ong<br \/>\n<strong>n<\/strong>.\u00a0 <strong><span style=\"color: #3366ff;\">n<\/span><\/strong>om\u00a0 \u00a0 \u00a0 \u00a0 \u00a0 \u00a0 \u00a0 \u00a0 \u00a0 \u00a0 \u00a0 \u00a0 \u00a0 \u00a0 \u00a0 \u00a0 \u00a0 \u00a0 \u00a0 \u00a0 \u00a0 \u00a0 \u00a0 <strong>r<\/strong>. <strong><span style=\"color: #3366ff;\">r<\/span><\/strong>ond<br \/>\n<strong>\u0272<\/strong>.\u00a0 <strong><span style=\"color: #3366ff;\">gn<\/span><\/strong>on<br \/>\n<strong>\u014b<\/strong>.\u00a0 pi<strong><span style=\"color: #3366ff;\">ng<\/span><\/strong>-pong<\/p>\n","protected":false},"excerpt":{"rendered":"<p>Alphabet Phon\u00e9tique International &nbsp; Pour une version t\u00e9l\u00e9chargeable, cliquer ici. &nbsp; Les voyelles orales\u00a0 \u00a0 \u00a0 \u00a0 \u00a0 \u00a0 \u00a0 \u00a0 \u00a0 \u00a0 \u00a0Les voyelles nasales a.\u00a0 bar\u00a0 \u00a0 \u00a0 \u00a0 \u00a0 \u00a0 \u00a0 \u00a0 \u00a0 \u00a0 \u00a0 \u00a0 \u00a0 \u00a0 \u00a0 \u00a0 \u00a0 \u00a0 \u00a0 \u00a0 \u00a0 \u00a0 \u00a0 \u00a0 \u00a0 \u00a0 \u0251\u0303.\u00a0 \u00a0banc [&hellip;]<\/p>\n","protected":false},"author":2,"featured_media":0,"parent":0,"menu_order":0,"comment_status":"closed","ping_status":"closed","template":"","meta":{"footnotes":""},"class_list":["post-7372","page","type-page","status-publish","hentry"],"_links":{"self":[{"href":"https:\/\/la-petite-fabrique-de-grammaire.fr\/index.php?rest_route=\/wp\/v2\/pages\/7372","targetHints":{"allow":["GET"]}}],"collection":[{"href":"https:\/\/la-petite-fabrique-de-grammaire.fr\/index.php?rest_route=\/wp\/v2\/pages"}],"about":[{"href":"https:\/\/la-petite-fabrique-de-grammaire.fr\/index.php?rest_route=\/wp\/v2\/types\/page"}],"author":[{"embeddable":true,"href":"https:\/\/la-petite-fabrique-de-grammaire.fr\/index.php?rest_route=\/wp\/v2\/users\/2"}],"replies":[{"embeddable":true,"href":"https:\/\/la-petite-fabrique-de-grammaire.fr\/index.php?rest_route=%2Fwp%2Fv2%2Fcomments&post=7372"}],"version-history":[{"count":46,"href":"https:\/\/la-petite-fabrique-de-grammaire.fr\/index.php?rest_route=\/wp\/v2\/pages\/7372\/revisions"}],"predecessor-version":[{"id":7523,"href":"https:\/\/la-petite-fabrique-de-grammaire.fr\/index.php?rest_route=\/wp\/v2\/pages\/7372\/revisions\/7523"}],"wp:attachment":[{"href":"https:\/\/la-petite-fabrique-de-grammaire.fr\/index.php?rest_route=%2Fwp%2Fv2%2Fmedia&parent=7372"}],"curies":[{"name":"wp","href":"https:\/\/api.w.org\/{rel}","templated":true}]}}