{"id":2558,"date":"2024-03-11T11:11:36","date_gmt":"2024-03-11T10:11:36","guid":{"rendered":"https:\/\/la-petite-fabrique-de-grammaire.fr\/?page_id=2558"},"modified":"2025-09-29T07:58:23","modified_gmt":"2025-09-29T05:58:23","slug":"resolution-de-probleme-2","status":"publish","type":"page","link":"https:\/\/la-petite-fabrique-de-grammaire.fr\/?page_id=2558","title":{"rendered":"R\u00e9solution de probl\u00e8mes"},"content":{"rendered":"<p><strong>R\u00c9SOLUTION DE PROBL\u00c8MES<\/strong><\/p>\r\n<p style=\"text-align: justify;\">\u00ab\u00a0Faire de la grammaire, c&rsquo;est <strong>pour r\u00e9soudre des probl\u00e8mes de compr\u00e9hension<\/strong>.\u00a0\u00bb<\/p>\r\n<p style=\"text-align: justify;\">Dans les \u00e9changes oraux de la vie ordinaire, les propos s&rsquo;enchainent avec la fluidit\u00e9 que permettent les automatismes. On mobilise rarement des savoirs grammaticaux, cela peut arriver quand on veut comprendre le m\u00e9canisme d&rsquo;un calembour ou l&rsquo;origine d&rsquo;un malentendu. Le plus souvent l&rsquo;interaction suffit \u00e0 dissiper la difficult\u00e9 : un \u00e9tonnement suivi d&rsquo;un questionnement d&rsquo;un c\u00f4t\u00e9, une reformulation de l&rsquo;autre restaurent rapidement la communication.<br \/>Face \u00e0 un texte \u00e9crit, on est seul, il n&rsquo;y a plus d&rsquo;interaction. Si le sens se perd, le recours aux savoirs grammaticaux est indispensable pour localiser l&rsquo;origine de la \u00ab\u00a0panne\u00a0\u00bb et pour la r\u00e9parer &#8211; pour donner une autre interpr\u00e9tation aux mots qu&rsquo;on a sous les yeux, suspendre les identifications automatiques, chercher des alternatives afin de restaurer \u00ab\u00a0ce que l&rsquo;auteur a voulu dire\u00a0\u00bb de mani\u00e8re plausible. Les savoirs grammaticaux sont indispensables pour \u00e9largir la palette d&rsquo;options possibles et s\u00e9lectionner la bonne. Sym\u00e9triquement, quand on \u00e9crit, il faut anticiper les passages dont l&rsquo;obscurit\u00e9 risque d&rsquo;\u00e9garer le lecteur \u00e0 venir. Ce qui peut permettre cette anticipation, c&rsquo;est une bonne conscience des m\u00e9canismes linguistiques et des savoirs grammaticaux \u00e0 l&rsquo;\u0153uvre dans la compr\u00e9hension.<\/p>\r\n<p style=\"text-align: justify;\">L&rsquo;enseignement peut s&rsquo;adosser \u00e0 la relation entre probl\u00e8me de compr\u00e9hension et savoirs grammaticaux. En amont de l&rsquo;\u00e9tude d&rsquo;une notion, on met en sc\u00e8ne les <strong>probl\u00e8mes langagiers<\/strong> que cette notion permet de r\u00e9soudre. Et c&rsquo;est dans un second temps qu&rsquo;on propose aux \u00e9l\u00e8ves d&rsquo;investiguer rigoureusement la notion vis\u00e9e.<br \/>Par exemple, c\u00f4t\u00e9 lecture : pour aborder au CE1 la notion de genre, on fournit la devinette suivante : <span style=\"color: #3366ff;\">Je remue la terre et je suis impressionnante. Je suis&#8230; la pelleteuse ou le bulldozer ? <\/span>Ainsi, l&rsquo;investigation qui met en \u00e9vidence les marques de genre s&rsquo;appuie sur une exp\u00e9rience o\u00f9 les \u00e9l\u00e8ves ont pu \u00e9prouver leur int\u00e9r\u00eat pour servir la compr\u00e9hension.<br \/>Autre exemple, du c\u00f4t\u00e9 de l&rsquo;\u00e9criture : pour \u00e9clairer au CM le choix de l&rsquo;auxiliaire <em>avoir<\/em> ou de l&rsquo;auxiliaire <em>\u00eatre<\/em>, on commence par demander aux \u00e9l\u00e8ves de mettre au pass\u00e9 compos\u00e9 des phrases comme <span style=\"color: #3366ff;\">Juliette sort de la maison<\/span> et <span style=\"color: #3366ff;\">Juliette sort son parapluie<\/span>. L&rsquo;\u00e9tude d&rsquo;un corpus de verbes permet ensuite de comprendre que les verbes de changement (de lieu, d&rsquo;\u00e9tat&#8230;) adoptent plut\u00f4t l&rsquo;auxiliaire <em>\u00eatre<\/em> et les verbes avec COD plut\u00f4t l&rsquo;auxiliaire <em>avoir<\/em>.<\/p>\r\n<p style=\"text-align: justify;\">Parmi les probl\u00e8mes \u00e0 r\u00e9soudre, largement mis en vedette par la tradition scolaire et par la pression sociale, il y a les <strong>probl\u00e8mes orthographiques<\/strong> pour se faire comprendre ais\u00e9ment.<br \/>La maitrise orthographique ne s\u2019obtient pas (ne s\u2019obtient plus) par un dressage long et fastidieux. Ce que nous visons, c\u2019est un apprentissage de l\u2019orthographe par le raisonnement, la capacit\u00e9 \u00e0 d\u00e9crire l&rsquo;environnement syntaxique o\u00f9 le probl\u00e8me se pose et \u00e0 appliquer des solutions r\u00e9guli\u00e8rement observ\u00e9es lors des le\u00e7ons et dans les exp\u00e9riences de lecture.<br \/>Pour ce faire la r\u00e9solution des probl\u00e8mes orthographiques tient une place importante dans les activit\u00e9s propos\u00e9es. Ce peut \u00eatre le point de d\u00e9part d\u2019une le\u00e7on, c\u2019est souvent la mati\u00e8re d\u2019exercices d\u2019entrainement.<\/p>\r\n<p style=\"text-align: justify;\">R\u00e9guli\u00e8rement une <strong>dict\u00e9e<\/strong> fait suite aux le\u00e7ons, afin que les \u00e9l\u00e8ves puissent tester et \u00e9prouver leurs nouvelles connaissances, ou parfois de plus anciennes.\u00a0<br \/>Selon Cogis (<em>Pour enseigner et apprendre l&rsquo;orthographe<\/em>, p. 304), la <em><a href=\"https:\/\/la-petite-fabrique-de-grammaire.fr\/?page_id=2460\" target=\"_blank\" rel=\"noopener\">phrase dict\u00e9e du jour<\/a> &#8211; <\/em>l&rsquo;une des modalit\u00e9s que nous proposons<em> &#8211; <\/em>remplit les conditions qui lui permettent d\u2019\u00eatre rang\u00e9e parmi les situations-probl\u00e8mes :<\/p>\r\n<ul style=\"text-align: justify;\">\r\n<li>Les \u00e9l\u00e8ves sont confront\u00e9s \u00e0 un probl\u00e8me \u2013 \u00ab pos\u00e9 par la diversit\u00e9 des graphies \u00bb &#8211; qui a une certaine consistance.<\/li>\r\n<li>Sa r\u00e9solution \u00ab repose sur la connaissance qu\u2019on cherche \u00e0 faire assimiler \u00bb.<\/li>\r\n<li>Et \u00ab il n\u2019y a pas de mode de r\u00e9solution imm\u00e9diatement disponible. \u00bb<\/li>\r\n<\/ul>\r\n<p style=\"text-align: justify;\">Dans les <strong>exercices<\/strong> propos\u00e9s \u00e0 la suite des le\u00e7ons, deux formes sont r\u00e9currentes parce qu&rsquo;elles contraignent l&rsquo;\u00e9l\u00e8ve \u00e0 la r\u00e9flexion : l\u2019analyse d\u2019erreurs et le parcours de phrase. <br \/>Les <strong><em>erreurs \u00e0 analyser<\/em><\/strong> sont attribu\u00e9es \u00e0 un \u00e9l\u00e8ve fictif, Aristobule. Aristobule justifie sa proposition : il a souvent pour partie raison, et pour partie tort. Il s\u2019agit donc que l\u2019\u00e9l\u00e8ve d\u00e9tecte l\u00e0 o\u00f9 Aristobule se trompe et qu\u2019il r\u00e9tablisse l\u2019orthographe attendue. Un exemple :<\/p>\r\n\r\n<figure class=\"wp-block-image size-full\" style=\"text-align: justify;\"><img loading=\"lazy\" decoding=\"async\" width=\"694\" height=\"293\" class=\"wp-image-2151\" src=\"https:\/\/la-petite-fabrique-de-grammaire.fr\/wp-content\/uploads\/2024\/02\/Capture-decran-2024-02-20-a-17.46.52.png\" alt=\"\" srcset=\"https:\/\/la-petite-fabrique-de-grammaire.fr\/wp-content\/uploads\/2024\/02\/Capture-decran-2024-02-20-a-17.46.52.png 694w, https:\/\/la-petite-fabrique-de-grammaire.fr\/wp-content\/uploads\/2024\/02\/Capture-decran-2024-02-20-a-17.46.52-300x127.png 300w\" sizes=\"auto, (max-width: 694px) 100vw, 694px\" \/><\/figure>\r\n\r\n\r\n\r\n<p style=\"text-align: justify;\">Les <em><strong>parcours de phrase<\/strong><\/em> confrontent chaque \u00e9l\u00e8ve individuellement aux probl\u00e8mes pos\u00e9s par une <em>phrase dict\u00e9e du jour<\/em> \u00e0 l&rsquo;ensemble d&rsquo;un groupe. Un tableau tel que celui qui suit (pr\u00e9vu pour une classe de CM) est distribu\u00e9, les \u00e9l\u00e8ves doivent \u00e9laborer une (ou plusieurs) phrase(s) correcte(s) au niveau du sens et de l&rsquo;orthographe en choisissant un mot par colonne.<\/p>\r\n<p style=\"text-align: justify;\">\r\n\r\n<\/p>\r\n<figure class=\"wp-block-image size-large\" style=\"text-align: justify;\"><img loading=\"lazy\" decoding=\"async\" width=\"1024\" height=\"137\" class=\"wp-image-2225\" src=\"https:\/\/la-petite-fabrique-de-grammaire.fr\/wp-content\/uploads\/2024\/02\/Capture-decran-2024-02-27-a-07.26.47-1024x137.png\" alt=\"\" srcset=\"https:\/\/la-petite-fabrique-de-grammaire.fr\/wp-content\/uploads\/2024\/02\/Capture-decran-2024-02-27-a-07.26.47-1024x137.png 1024w, https:\/\/la-petite-fabrique-de-grammaire.fr\/wp-content\/uploads\/2024\/02\/Capture-decran-2024-02-27-a-07.26.47-300x40.png 300w, https:\/\/la-petite-fabrique-de-grammaire.fr\/wp-content\/uploads\/2024\/02\/Capture-decran-2024-02-27-a-07.26.47-768x103.png 768w, https:\/\/la-petite-fabrique-de-grammaire.fr\/wp-content\/uploads\/2024\/02\/Capture-decran-2024-02-27-a-07.26.47.png 1096w\" sizes=\"auto, (max-width: 1024px) 100vw, 1024px\" \/><\/figure>\r\n<p style=\"text-align: justify;\">Enfin, les <em><strong>situations de production<\/strong><\/em> \u00e9crite (voir l&rsquo;onglet <em>Situations d&rsquo;\u00e9criture<\/em>), en particulier les phases de r\u00e9vision, sont elles aussi souvent orient\u00e9es vers la r\u00e9solution de probl\u00e8mes orthographiques.\u00a0<\/p>\r\n<p>\r\n\r\n<\/p>","protected":false},"excerpt":{"rendered":"<p>R\u00c9SOLUTION DE PROBL\u00c8MES \u00ab\u00a0Faire de la grammaire, c&rsquo;est pour r\u00e9soudre des probl\u00e8mes de compr\u00e9hension.\u00a0\u00bb Dans les \u00e9changes oraux de la vie ordinaire, les propos s&rsquo;enchainent avec la fluidit\u00e9 que permettent les automatismes. On mobilise rarement des savoirs grammaticaux, cela peut arriver quand on veut comprendre le m\u00e9canisme d&rsquo;un calembour ou l&rsquo;origine d&rsquo;un malentendu. Le plus [&hellip;]<\/p>\n","protected":false},"author":1,"featured_media":0,"parent":0,"menu_order":0,"comment_status":"closed","ping_status":"closed","template":"","meta":{"footnotes":""},"class_list":["post-2558","page","type-page","status-publish","hentry"],"_links":{"self":[{"href":"https:\/\/la-petite-fabrique-de-grammaire.fr\/index.php?rest_route=\/wp\/v2\/pages\/2558","targetHints":{"allow":["GET"]}}],"collection":[{"href":"https:\/\/la-petite-fabrique-de-grammaire.fr\/index.php?rest_route=\/wp\/v2\/pages"}],"about":[{"href":"https:\/\/la-petite-fabrique-de-grammaire.fr\/index.php?rest_route=\/wp\/v2\/types\/page"}],"author":[{"embeddable":true,"href":"https:\/\/la-petite-fabrique-de-grammaire.fr\/index.php?rest_route=\/wp\/v2\/users\/1"}],"replies":[{"embeddable":true,"href":"https:\/\/la-petite-fabrique-de-grammaire.fr\/index.php?rest_route=%2Fwp%2Fv2%2Fcomments&post=2558"}],"version-history":[{"count":18,"href":"https:\/\/la-petite-fabrique-de-grammaire.fr\/index.php?rest_route=\/wp\/v2\/pages\/2558\/revisions"}],"predecessor-version":[{"id":7043,"href":"https:\/\/la-petite-fabrique-de-grammaire.fr\/index.php?rest_route=\/wp\/v2\/pages\/2558\/revisions\/7043"}],"wp:attachment":[{"href":"https:\/\/la-petite-fabrique-de-grammaire.fr\/index.php?rest_route=%2Fwp%2Fv2%2Fmedia&parent=2558"}],"curies":[{"name":"wp","href":"https:\/\/api.w.org\/{rel}","templated":true}]}}