{"id":2515,"date":"2024-03-10T16:57:53","date_gmt":"2024-03-10T15:57:53","guid":{"rendered":"https:\/\/la-petite-fabrique-de-grammaire.fr\/?page_id=2515"},"modified":"2024-06-08T18:22:01","modified_gmt":"2024-06-08T16:22:01","slug":"situations-decriture-cm2","status":"publish","type":"page","link":"https:\/\/la-petite-fabrique-de-grammaire.fr\/?page_id=2515","title":{"rendered":"Situations d&rsquo;\u00e9criture CM2"},"content":{"rendered":"<p style=\"text-align: justify;\"><span style=\"color: #ff0000;\">Page en construction<\/span><\/p>\n<p style=\"text-align: justify;\">Dans le tableau, ainsi que dans les fichiers qui d\u00e9crivent les situations, outre le domaine et le titre propos\u00e9, deux sortes d&rsquo;objectifs sont indiqu\u00e9s :<br \/>\n&#8211; un objectif (ou plusieurs) langagier, qui pr\u00e9cise quel enjeu de communication se trouve servi ;<br \/>\n&#8211; un objectif grammatical (ou plusieurs), qui pr\u00e9cise quelle notion ou quelle proc\u00e9dure est vis\u00e9e dans la situation.<\/p>\n<p style=\"text-align: justify;\">Il est indiqu\u00e9 apr\u00e8s quelle le\u00e7on on peut proposer la situation aux \u00e9l\u00e8ves. Mais bien s\u00fbr, on peut aussi la proposer deux semaines ou un mois plus tard&#8230; Cette indication signifie surtout avant quelle le\u00e7on il serait pr\u00e9matur\u00e9 de la proposer.<\/p>\n","protected":false},"excerpt":{"rendered":"<p>Page en construction Dans le tableau, ainsi que dans les fichiers qui d\u00e9crivent les situations, outre le domaine et le titre propos\u00e9, deux sortes d&rsquo;objectifs sont indiqu\u00e9s : &#8211; un objectif (ou plusieurs) langagier, qui pr\u00e9cise quel enjeu de communication se trouve servi ; &#8211; un objectif grammatical (ou plusieurs), qui pr\u00e9cise quelle notion ou [&hellip;]<\/p>\n","protected":false},"author":1,"featured_media":0,"parent":0,"menu_order":0,"comment_status":"closed","ping_status":"closed","template":"","meta":{"footnotes":""},"class_list":["post-2515","page","type-page","status-publish","hentry"],"_links":{"self":[{"href":"https:\/\/la-petite-fabrique-de-grammaire.fr\/index.php?rest_route=\/wp\/v2\/pages\/2515","targetHints":{"allow":["GET"]}}],"collection":[{"href":"https:\/\/la-petite-fabrique-de-grammaire.fr\/index.php?rest_route=\/wp\/v2\/pages"}],"about":[{"href":"https:\/\/la-petite-fabrique-de-grammaire.fr\/index.php?rest_route=\/wp\/v2\/types\/page"}],"author":[{"embeddable":true,"href":"https:\/\/la-petite-fabrique-de-grammaire.fr\/index.php?rest_route=\/wp\/v2\/users\/1"}],"replies":[{"embeddable":true,"href":"https:\/\/la-petite-fabrique-de-grammaire.fr\/index.php?rest_route=%2Fwp%2Fv2%2Fcomments&post=2515"}],"version-history":[{"count":4,"href":"https:\/\/la-petite-fabrique-de-grammaire.fr\/index.php?rest_route=\/wp\/v2\/pages\/2515\/revisions"}],"predecessor-version":[{"id":4913,"href":"https:\/\/la-petite-fabrique-de-grammaire.fr\/index.php?rest_route=\/wp\/v2\/pages\/2515\/revisions\/4913"}],"wp:attachment":[{"href":"https:\/\/la-petite-fabrique-de-grammaire.fr\/index.php?rest_route=%2Fwp%2Fv2%2Fmedia&parent=2515"}],"curies":[{"name":"wp","href":"https:\/\/api.w.org\/{rel}","templated":true}]}}