{"id":2472,"date":"2024-03-10T16:26:55","date_gmt":"2024-03-10T15:26:55","guid":{"rendered":"https:\/\/la-petite-fabrique-de-grammaire.fr\/?page_id=2472"},"modified":"2024-05-22T11:02:19","modified_gmt":"2024-05-22T09:02:19","slug":"les-tirettes","status":"publish","type":"page","link":"https:\/\/la-petite-fabrique-de-grammaire.fr\/?page_id=2472","title":{"rendered":"Les tirettes"},"content":{"rendered":"<p><strong>LE DISPOSITIF DES TIRETTES<\/strong><\/p>\n<p><img loading=\"lazy\" decoding=\"async\" class=\"alignnone wp-image-4609\" src=\"http:\/\/la-petite-fabrique-de-grammaire.fr\/wp-content\/uploads\/2024\/05\/Capture-decran-2024-03-11-tirette-GN-300x111.png\" alt=\"\" width=\"840\" height=\"311\" srcset=\"https:\/\/la-petite-fabrique-de-grammaire.fr\/wp-content\/uploads\/2024\/05\/Capture-decran-2024-03-11-tirette-GN-300x111.png 300w, https:\/\/la-petite-fabrique-de-grammaire.fr\/wp-content\/uploads\/2024\/05\/Capture-decran-2024-03-11-tirette-GN.png 709w\" sizes=\"auto, (max-width: 840px) 100vw, 840px\" \/><\/p>\n<p style=\"text-align: justify;\">Les \u00e9l\u00e8ves manipulent des affiches (appel\u00e9es \u00ab\u00a0tirettes\u00a0\u00bb, puisqu\u2019on les tire) pour faire apparaitre dans une \u00ab\u00a0fen\u00eatre\u00a0\u00bb un ensemble correctement accord\u00e9.<\/p>\n<p><strong>Les enjeux<\/strong><\/p>\n<p style=\"text-align: justify;\">Une erreur sur un accord peut correspondre \u00e0 deux d\u00e9fauts de raisonnement.<br \/>\n<span style=\"color: #3366ff;\">Les *nouvels de cette semaine sont inqui\u00e9tantes<\/span> correspond \u00e0 une erreur pour trouver la forme attendue.<br \/>\n<span style=\"color: #3366ff;\">Les *nouvelle de cette semaine sont inqui\u00e9tantes<\/span> correspond \u00e0 une erreur pour identifier la position syntaxique du mot.<br \/>\nParfois, il est difficile d\u2019en pr\u00e9ciser l\u2019origine. Dans <span style=\"color: #3366ff;\">On a admir\u00e9 la nouvelle robe *cr\u00e9\u00e9 par le couturier<\/span>, l\u2019erreur vient-elle d\u2019une r\u00e9pugnance aux trois &#8211;<em>e<\/em> qui se suivent ou de l\u2019absence de reconnaissance du second adjectif \u00e9pith\u00e8te\u00a0?<\/p>\n<p style=\"text-align: justify;\">Le dispositif des tirettes met en pleine lumi\u00e8re les deux types de contraintes qui s\u2019exercent\u00a0:<br \/>\n&#8211; la <strong>contrainte morphologique<\/strong>, qui restreint le choix aux seules formes existantes du mot\u00a0;<br \/>\n&#8211; la <strong>contrainte syntaxique<\/strong>, qui impose les cat\u00e9gories (de nombre, de genre, de personne\u2026) \u00e0 marquer.<\/p>\n<p style=\"text-align: justify;\"><strong>L\u2019objectif <\/strong>est que les \u00e9l\u00e8ves per\u00e7oivent bien ce croisement entre la logique morphologique (les variations du nom et des mots qui lui sont li\u00e9s, la conjugaison) et la logique syntaxique.<br \/>\nLes tirettes pr\u00e9sentent toutes les formes existantes d\u2019un mot donn\u00e9 (euh\u2026 pour les verbes, on est \u00e9videmment amen\u00e9 \u00e0 limiter la tirette \u00e0 un nombre raisonnable, selon l\u2019objectif sp\u00e9cifique assign\u00e9 \u00e0 l\u2019exercice).<br \/>\nLes fen\u00eatres repr\u00e9sentent l\u2019attendu d\u2019un ensemble rendu coh\u00e9rent par les accords \u00e0 faire.<\/p>\n<p><strong>Organisation mat\u00e9rielle<\/strong><\/p>\n<p style=\"text-align: justify;\">Le dispositif n\u00e9cessite d\u2019\u00eatre <strong>construit au pr\u00e9alable<\/strong>. Voir les pages <a href=\"http:\/\/la-petite-fabrique-de-grammaire.fr\/wp-content\/uploads\/2024\/05\/comment_fabriquer_les_tirettes.pdf\">Pour fabriquer le dispositif\u00a0\u00ab\u00a0tirettes\u00a0\u00bb (bricolage)<\/a> et <a href=\"http:\/\/la-petite-fabrique-de-grammaire.fr\/wp-content\/uploads\/2024\/05\/Pour-construire-le-dispositif-Tirettes-document-Word.pdf\" target=\"_blank\" rel=\"noopener\">Pour fabriquer le dispositif\u00a0\u00ab\u00a0tirettes\u00a0\u00bb (document Word)<\/a>.<\/p>\n<p style=\"text-align: justify;\">On peut utiliser le dispositif <strong>en classe enti\u00e8re<\/strong>, comme dans les le\u00e7ons CE1 43 et CE2 21 intitul\u00e9es <em>Machine \u00e0 accorder<\/em>. C\u2019est pr\u00e9f\u00e9rable, en particulier pour expliquer au groupe comment on peut s\u2019en servir et les b\u00e9n\u00e9fices qu\u2019il peut apporter.<br \/>\nSurtout, on peut l\u2019utiliser <strong>en petits groupes<\/strong>, ce qui favorisent la prise de parole chez les \u00e9l\u00e8ves. En particulier, il est tr\u00e8s profitable aux \u00e9l\u00e8ves fragiles\u00a0parce qu\u2019il est rassurant : les formes \u00e9tant donn\u00e9es, elles ne sont plus \u00e0 construire, il s\u2019agit seulement de s\u00e9lectionner la bonne.<\/p>\n<p><strong>Des \u00e9l\u00e9ments m\u00e9thodologiques<\/strong><\/p>\n<p style=\"text-align: justify;\">L\u2019essentiel se joue lorsqu\u2019apparait dans la fen\u00eatre une proposition erron\u00e9e. Il faut alors encourager la verbalisation par l\u2019auteur de la proposition\u00a0: il explique comment il est arriv\u00e9 \u00e0 la proposition produite.<br \/>\nLes autres \u00e9l\u00e8ves peuvent mettre en question les raisons invoqu\u00e9es. Collectivement, avec l\u2019aide de l\u2019adulte, le groupe parvient \u00e0 une proposition correcte.<\/p>\n<p style=\"text-align: justify;\">La modalit\u00e9 de travail la plus habituelle est celle-ci\u00a0:<br \/>\nLe mat\u00e9riel est laiss\u00e9 \u00e0 la disposition d\u2019un \u00e9l\u00e8ve. Celui-ci tire les \u00ab\u00a0tirettes\u00a0\u00bb et arr\u00eate une proposition.<br \/>\nJuste ou erron\u00e9e, la proposition est discut\u00e9e, le raisonnement suivi est expliqu\u00e9 par son auteur ou reconstitu\u00e9 par l\u2019ensemble. La proposition correcte est \u00e9labor\u00e9e, puis valid\u00e9e par l\u2019adulte.<\/p>\n<p style=\"text-align: justify;\">Avant de laisser sa place \u00e0 un autre, l\u2019\u00e9l\u00e8ve choisit une forme dans l\u2019une des tirettes. Le deuxi\u00e8me \u00e9l\u00e8ve doit alors interpr\u00e9ter cette forme et choisir dans les autres tirettes celles qui sont coh\u00e9rentes avec elle.<br \/>\nLes \u00e9l\u00e8ves d\u00e9couvriront peu \u00e0 peu l\u2019int\u00e9r\u00eat que la forme choisie par le premier \u00e9l\u00e8ve ne soit pas le d\u00e9terminant ou le groupe sujet, mais que ce soit, par exemple, le nom donneur (<span style=\"color: #3366ff;\">chevaux<\/span>), ou la forme verbale. On peut ainsi explorer tous les \u00e9l\u00e9ments intervenants dans l\u2019accord. Voire ceux qui ne sont pas concern\u00e9s : les derni\u00e8res tirettes ne changent pas entre les deux versions suivantes :<\/p>\n<p style=\"text-align: justify;\"><img loading=\"lazy\" decoding=\"async\" class=\"alignnone  wp-image-4625\" src=\"http:\/\/la-petite-fabrique-de-grammaire.fr\/wp-content\/uploads\/2024\/05\/Capture-decran-2024-05-22-Phrase-1-300x208.png\" alt=\"\" width=\"816\" height=\"566\" srcset=\"https:\/\/la-petite-fabrique-de-grammaire.fr\/wp-content\/uploads\/2024\/05\/Capture-decran-2024-05-22-Phrase-1-300x208.png 300w, https:\/\/la-petite-fabrique-de-grammaire.fr\/wp-content\/uploads\/2024\/05\/Capture-decran-2024-05-22-Phrase-1-768x532.png 768w, https:\/\/la-petite-fabrique-de-grammaire.fr\/wp-content\/uploads\/2024\/05\/Capture-decran-2024-05-22-Phrase-1.png 845w\" sizes=\"auto, (max-width: 816px) 100vw, 816px\" \/><\/p>\n","protected":false},"excerpt":{"rendered":"<p>LE DISPOSITIF DES TIRETTES Les \u00e9l\u00e8ves manipulent des affiches (appel\u00e9es \u00ab\u00a0tirettes\u00a0\u00bb, puisqu\u2019on les tire) pour faire apparaitre dans une \u00ab\u00a0fen\u00eatre\u00a0\u00bb un ensemble correctement accord\u00e9. Les enjeux Une erreur sur un accord peut correspondre \u00e0 deux d\u00e9fauts de raisonnement. Les *nouvels de cette semaine sont inqui\u00e9tantes correspond \u00e0 une erreur pour trouver la forme attendue. Les [&hellip;]<\/p>\n","protected":false},"author":1,"featured_media":0,"parent":0,"menu_order":0,"comment_status":"closed","ping_status":"closed","template":"","meta":{"footnotes":""},"class_list":["post-2472","page","type-page","status-publish","hentry"],"_links":{"self":[{"href":"https:\/\/la-petite-fabrique-de-grammaire.fr\/index.php?rest_route=\/wp\/v2\/pages\/2472","targetHints":{"allow":["GET"]}}],"collection":[{"href":"https:\/\/la-petite-fabrique-de-grammaire.fr\/index.php?rest_route=\/wp\/v2\/pages"}],"about":[{"href":"https:\/\/la-petite-fabrique-de-grammaire.fr\/index.php?rest_route=\/wp\/v2\/types\/page"}],"author":[{"embeddable":true,"href":"https:\/\/la-petite-fabrique-de-grammaire.fr\/index.php?rest_route=\/wp\/v2\/users\/1"}],"replies":[{"embeddable":true,"href":"https:\/\/la-petite-fabrique-de-grammaire.fr\/index.php?rest_route=%2Fwp%2Fv2%2Fcomments&post=2472"}],"version-history":[{"count":15,"href":"https:\/\/la-petite-fabrique-de-grammaire.fr\/index.php?rest_route=\/wp\/v2\/pages\/2472\/revisions"}],"predecessor-version":[{"id":4626,"href":"https:\/\/la-petite-fabrique-de-grammaire.fr\/index.php?rest_route=\/wp\/v2\/pages\/2472\/revisions\/4626"}],"wp:attachment":[{"href":"https:\/\/la-petite-fabrique-de-grammaire.fr\/index.php?rest_route=%2Fwp%2Fv2%2Fmedia&parent=2472"}],"curies":[{"name":"wp","href":"https:\/\/api.w.org\/{rel}","templated":true}]}}