{"id":2469,"date":"2024-03-10T16:26:06","date_gmt":"2024-03-10T15:26:06","guid":{"rendered":"https:\/\/la-petite-fabrique-de-grammaire.fr\/?page_id=2469"},"modified":"2024-05-21T09:26:02","modified_gmt":"2024-05-21T07:26:02","slug":"lanalyse-derreurs","status":"publish","type":"page","link":"https:\/\/la-petite-fabrique-de-grammaire.fr\/?page_id=2469","title":{"rendered":"L&rsquo;analyse d&rsquo;erreurs"},"content":{"rendered":"<p><strong>L&rsquo;ANALYSE D&rsquo;ERREUR<\/strong><\/p>\n<p><img loading=\"lazy\" decoding=\"async\" class=\"alignnone wp-image-4592\" src=\"http:\/\/la-petite-fabrique-de-grammaire.fr\/wp-content\/uploads\/2024\/05\/Image-20-05-2024-a-18.00-300x156.jpg\" alt=\"\" width=\"744\" height=\"387\" srcset=\"https:\/\/la-petite-fabrique-de-grammaire.fr\/wp-content\/uploads\/2024\/05\/Image-20-05-2024-a-18.00-300x156.jpg 300w, https:\/\/la-petite-fabrique-de-grammaire.fr\/wp-content\/uploads\/2024\/05\/Image-20-05-2024-a-18.00-1024x534.jpg 1024w, https:\/\/la-petite-fabrique-de-grammaire.fr\/wp-content\/uploads\/2024\/05\/Image-20-05-2024-a-18.00-768x400.jpg 768w, https:\/\/la-petite-fabrique-de-grammaire.fr\/wp-content\/uploads\/2024\/05\/Image-20-05-2024-a-18.00.jpg 1428w\" sizes=\"auto, (max-width: 744px) 100vw, 744px\" \/><\/p>\n<p style=\"text-align: justify;\">Les \u00e9l\u00e8ves sont confront\u00e9s \u00e0 un \u00e9crit attribu\u00e9 \u00e0 un \u00e9l\u00e8ve fictif, Aristobule. Ils doivent d\u00e9tecter si l\u2019\u00e9crit comporte une erreur ou non. Parfois, Aristobule \u00e9nonce le raisonnement qui l\u2019a conduit \u00e0 son choix orthographique. Les \u00e9l\u00e8ves doivent alors identifier l\u2019erreur de raisonnement.<\/p>\n<p><strong>Les enjeux<\/strong><\/p>\n<p style=\"text-align: justify;\">L\u2019objectif principal est de permettre aux \u00e9l\u00e8ves d\u2019\u00e9valuer leur propre compr\u00e9hension des notions et leur capacit\u00e9 \u00e0 les mobiliser.<br \/>\nCette activit\u00e9 permet de confronter les \u00e9l\u00e8ves \u00e0 certains raisonnements erron\u00e9s fr\u00e9quents chez certains d\u2019entre eux, souvent tr\u00e8s proches de ceux qu\u2019ils mobilisent en cours d\u2019apprentissage. Ces confrontations permettent ainsi de lever le voile sur des r\u00e9sistances r\u00e9currentes.<br \/>\nCe proc\u00e9d\u00e9 est particuli\u00e8rement efficace pour permettre \u00e0 tous les \u00e9l\u00e8ves de progresser dans leur raisonnement orthographique et ainsi de construire des savoirs durables.<\/p>\n<p><strong>Des \u00e9l\u00e9ments m\u00e9thodologiques<\/strong><\/p>\n<p style=\"text-align: justify;\">Lors de la correction collective, il est important de pointer en quoi Aristobule a raison \u2013 souvent le d\u00e9but de son raisonnement \u2013 et \u00e0 quel moment il commet une erreur de raisonnement.<\/p>\n","protected":false},"excerpt":{"rendered":"<p>L&rsquo;ANALYSE D&rsquo;ERREUR Les \u00e9l\u00e8ves sont confront\u00e9s \u00e0 un \u00e9crit attribu\u00e9 \u00e0 un \u00e9l\u00e8ve fictif, Aristobule. Ils doivent d\u00e9tecter si l\u2019\u00e9crit comporte une erreur ou non. Parfois, Aristobule \u00e9nonce le raisonnement qui l\u2019a conduit \u00e0 son choix orthographique. Les \u00e9l\u00e8ves doivent alors identifier l\u2019erreur de raisonnement. Les enjeux L\u2019objectif principal est de permettre aux \u00e9l\u00e8ves d\u2019\u00e9valuer [&hellip;]<\/p>\n","protected":false},"author":1,"featured_media":0,"parent":0,"menu_order":0,"comment_status":"closed","ping_status":"closed","template":"","meta":{"footnotes":""},"class_list":["post-2469","page","type-page","status-publish","hentry"],"_links":{"self":[{"href":"https:\/\/la-petite-fabrique-de-grammaire.fr\/index.php?rest_route=\/wp\/v2\/pages\/2469","targetHints":{"allow":["GET"]}}],"collection":[{"href":"https:\/\/la-petite-fabrique-de-grammaire.fr\/index.php?rest_route=\/wp\/v2\/pages"}],"about":[{"href":"https:\/\/la-petite-fabrique-de-grammaire.fr\/index.php?rest_route=\/wp\/v2\/types\/page"}],"author":[{"embeddable":true,"href":"https:\/\/la-petite-fabrique-de-grammaire.fr\/index.php?rest_route=\/wp\/v2\/users\/1"}],"replies":[{"embeddable":true,"href":"https:\/\/la-petite-fabrique-de-grammaire.fr\/index.php?rest_route=%2Fwp%2Fv2%2Fcomments&post=2469"}],"version-history":[{"count":5,"href":"https:\/\/la-petite-fabrique-de-grammaire.fr\/index.php?rest_route=\/wp\/v2\/pages\/2469\/revisions"}],"predecessor-version":[{"id":4595,"href":"https:\/\/la-petite-fabrique-de-grammaire.fr\/index.php?rest_route=\/wp\/v2\/pages\/2469\/revisions\/4595"}],"wp:attachment":[{"href":"https:\/\/la-petite-fabrique-de-grammaire.fr\/index.php?rest_route=%2Fwp%2Fv2%2Fmedia&parent=2469"}],"curies":[{"name":"wp","href":"https:\/\/api.w.org\/{rel}","templated":true}]}}