{"id":2466,"date":"2024-03-10T16:24:49","date_gmt":"2024-03-10T15:24:49","guid":{"rendered":"https:\/\/la-petite-fabrique-de-grammaire.fr\/?page_id=2466"},"modified":"2024-05-21T09:20:12","modified_gmt":"2024-05-21T07:20:12","slug":"le-parcours-de-phrases","status":"publish","type":"page","link":"https:\/\/la-petite-fabrique-de-grammaire.fr\/?page_id=2466","title":{"rendered":"Le parcours de phrases"},"content":{"rendered":"<p><strong>LE PARCOURS DE PHRASE<\/strong><\/p>\n<p><img loading=\"lazy\" decoding=\"async\" class=\"alignnone wp-image-4586\" src=\"http:\/\/la-petite-fabrique-de-grammaire.fr\/wp-content\/uploads\/2024\/05\/Image-20-05-2024-a-17.58-300x70.jpg\" alt=\"\" width=\"694\" height=\"162\" srcset=\"https:\/\/la-petite-fabrique-de-grammaire.fr\/wp-content\/uploads\/2024\/05\/Image-20-05-2024-a-17.58-300x70.jpg 300w, https:\/\/la-petite-fabrique-de-grammaire.fr\/wp-content\/uploads\/2024\/05\/Image-20-05-2024-a-17.58-1024x240.jpg 1024w, https:\/\/la-petite-fabrique-de-grammaire.fr\/wp-content\/uploads\/2024\/05\/Image-20-05-2024-a-17.58-768x180.jpg 768w, https:\/\/la-petite-fabrique-de-grammaire.fr\/wp-content\/uploads\/2024\/05\/Image-20-05-2024-a-17.58.jpg 1358w\" sizes=\"auto, (max-width: 694px) 100vw, 694px\" \/><\/p>\n<p style=\"text-align: justify;\">Les \u00e9l\u00e8ves sont plac\u00e9s face \u00e0 un tableau qui pr\u00e9sente souvent les m\u00eames mots dans diff\u00e9rentes formes. Ils doivent reconstituer toutes les phrases possibles \u00e0 partir de ces mat\u00e9riaux, en choisissant un mot ou plusieurs par colonne.<\/p>\n<p><strong>Les enjeux<\/strong><\/p>\n<p style=\"text-align: justify;\">L\u2019objectif principal est de prendre en compte les contraintes syntaxiques qui p\u00e8sent sur le choix des mots dans une phrase.<\/p>\n<p style=\"text-align: justify;\">Les \u00e9l\u00e8ves doivent choisir la bonne forme du mot en identifiant les contraintes syntaxiques. Cette activit\u00e9 fait apparaitre la double n\u00e9cessit\u00e9, lorsque l\u2019on \u00e9crit, d\u2019articuler les variations morphologiques (verticalement) et les contraintes syntaxiques (horizontalement) (voir la page <a href=\"https:\/\/la-petite-fabrique-de-grammaire.fr\/?page_id=2429\" target=\"_blank\" rel=\"noopener\"><em>Diff\u00e9rentes perspectives sur les notions grammaticales<\/em><\/a>).<\/p>\n<p><strong>Des \u00e9l\u00e9ments m\u00e9thodologiques<\/strong><\/p>\n<p>Lors de la correction collective, les \u00e9l\u00e8ves explicitent comment ils ont pris en compte \u2013 ou non \u2013 ces contraintes.<\/p>\n<p><em>Variante possible<\/em><\/p>\n<p style=\"text-align: justify;\">Proposer aux \u00e9l\u00e8ves un tableau de ce type compl\u00e9t\u00e9 d\u2019une ou plusieurs lignes de cases vides. Aucun des mots propos\u00e9s ne permettant d\u2019\u00e9laborer une phrase correcte, il s\u2019agit alors, pour l\u2019\u00e9l\u00e8ve, de compl\u00e9ter des cases vides afin de pouvoir en \u00e9laborer une ou plusieurs.<\/p>\n","protected":false},"excerpt":{"rendered":"<p>LE PARCOURS DE PHRASE Les \u00e9l\u00e8ves sont plac\u00e9s face \u00e0 un tableau qui pr\u00e9sente souvent les m\u00eames mots dans diff\u00e9rentes formes. Ils doivent reconstituer toutes les phrases possibles \u00e0 partir de ces mat\u00e9riaux, en choisissant un mot ou plusieurs par colonne. Les enjeux L\u2019objectif principal est de prendre en compte les contraintes syntaxiques qui p\u00e8sent [&hellip;]<\/p>\n","protected":false},"author":1,"featured_media":0,"parent":0,"menu_order":0,"comment_status":"closed","ping_status":"closed","template":"","meta":{"footnotes":""},"class_list":["post-2466","page","type-page","status-publish","hentry"],"_links":{"self":[{"href":"https:\/\/la-petite-fabrique-de-grammaire.fr\/index.php?rest_route=\/wp\/v2\/pages\/2466","targetHints":{"allow":["GET"]}}],"collection":[{"href":"https:\/\/la-petite-fabrique-de-grammaire.fr\/index.php?rest_route=\/wp\/v2\/pages"}],"about":[{"href":"https:\/\/la-petite-fabrique-de-grammaire.fr\/index.php?rest_route=\/wp\/v2\/types\/page"}],"author":[{"embeddable":true,"href":"https:\/\/la-petite-fabrique-de-grammaire.fr\/index.php?rest_route=\/wp\/v2\/users\/1"}],"replies":[{"embeddable":true,"href":"https:\/\/la-petite-fabrique-de-grammaire.fr\/index.php?rest_route=%2Fwp%2Fv2%2Fcomments&post=2466"}],"version-history":[{"count":6,"href":"https:\/\/la-petite-fabrique-de-grammaire.fr\/index.php?rest_route=\/wp\/v2\/pages\/2466\/revisions"}],"predecessor-version":[{"id":4590,"href":"https:\/\/la-petite-fabrique-de-grammaire.fr\/index.php?rest_route=\/wp\/v2\/pages\/2466\/revisions\/4590"}],"wp:attachment":[{"href":"https:\/\/la-petite-fabrique-de-grammaire.fr\/index.php?rest_route=%2Fwp%2Fv2%2Fmedia&parent=2466"}],"curies":[{"name":"wp","href":"https:\/\/api.w.org\/{rel}","templated":true}]}}