{"id":2452,"date":"2024-03-10T16:11:48","date_gmt":"2024-03-10T15:11:48","guid":{"rendered":"https:\/\/la-petite-fabrique-de-grammaire.fr\/?page_id=2452"},"modified":"2024-07-18T18:40:07","modified_gmt":"2024-07-18T16:40:07","slug":"homophones","status":"publish","type":"page","link":"https:\/\/la-petite-fabrique-de-grammaire.fr\/?page_id=2452","title":{"rendered":"Homophones"},"content":{"rendered":"<p><strong>\u00c9TUDIER LES HOMOPHONES<\/strong><\/p>\r\n<p style=\"text-align: justify;\">Le fran\u00e7ais regorge d\u2019homophones, c\u2019est-\u00e0-dire de mots qui s\u2019\u00e9crivent de mani\u00e8res diff\u00e9rentes mais qui se prononcent avec les m\u00eames sons. Ce ph\u00e9nom\u00e8ne est d\u00fb pour bonne part \u00e0 ce que la fa\u00e7on de prononcer a \u00e9volu\u00e9 au cours des \u00e2ges alors que l\u2019orthographe ne changeait pas. Par exemple <span style=\"color: #3366ff;\">sang<\/span> s&rsquo;est prononc\u00e9 [s\u0251\u0303g] jusqu&rsquo;au XIVe si\u00e8cle quand on a cess\u00e9 de prononcer les consonnes finales, tandis que <span style=\"color: #3366ff;\">cent<\/span> se pronon\u00e7ait [ts\u0251\u0303t].<br \/>\u00c0 l\u2019oral le contexte suffit \u00e0 \u00e9viter les confusions, mais \u00e0 l\u2019\u00e9crit les confusions peuvent engendrer des malentendus. Par exemple, les phrases suivantes se disent de la m\u00eame mani\u00e8re, elles se ressemblent, mais elles ne rapportent pas la m\u00eame sc\u00e8ne, pas la m\u00eame orientation du regard\u00a0:<br \/><span style=\"color: #3366ff;\">\u00a0 \u00a0 \u00a0 \u00a0 \u00a0 Celle <strong>qu\u2019il<\/strong> a vue \u00e9tait rouge de confusion<\/span>.<br \/><span style=\"color: #3366ff;\">\u00a0 \u00a0 \u00a0 \u00a0 \u00a0 Celle <strong>qui l<\/strong>\u2019a vu \u00e9tait rouge de confusion<\/span>.<\/p>\r\n<p><\/p>\r\n<div class=\"wp-block-columns is-layout-flex wp-container-core-columns-is-layout-28f84493 wp-block-columns-is-layout-flex\">\r\n<div class=\"wp-block-column is-layout-flow wp-block-column-is-layout-flow\" style=\"flex-basis: 33.33%;\">\r\n<p>La plupart des homophones concernent le lexique, comme dans le cas de [v\u025br] :<br \/>\u00a0 \u00a0 \u00a0 \u00a0 \u00a0 <span style=\"color: #3366ff;\">vair \u2013 ver \u2013 verre \u2013 vers \u2013 vert<\/span><\/p>\r\n<\/div>\r\n\r\n\r\n\r\n<div class=\"wp-block-column is-layout-flow wp-block-column-is-layout-flow\" style=\"flex-basis: 66.66%;\">\r\n<p style=\"text-align: justify;\"><span style=\"color: #ff9900;\"><strong>Le gout des mots<\/strong><\/span><br \/><span style=\"color: #ff9900;\">Les homophones occasionnent des malentendus mais ils se pr\u00eatent aussi \u00e0 toutes sortes de calembours et autres jeux de mots.<\/span><br \/><span style=\"color: #ff9900;\">On sait comment la pantoufle de Cendrillon, autrefois en <strong><em>vair<\/em><\/strong> (en pr\u00e9cieuse fourrure d\u2019\u00e9cureuil) est devenue sous la plume espi\u00e8gle de Perrault une po\u00e9tique et improbable pantoufle de <strong><em>verre<\/em><\/strong>.<\/span><\/p>\r\n<\/div>\r\n<\/div>\r\n<p>\r\n\r\n<\/p>\r\n<p style=\"text-align: justify;\">Mais certains des \u00ab petits mots \u00bb \u2013 comme disent les enfants \u2013, ces mots qui manifestent au premier chef des liens syntaxiques, sont susceptibles de semblables confusions. La liste en est connue : <span style=\"color: #3366ff;\">a \/ \u00e0 \u2013 on \/ ont \u2013 ou \/ o\u00f9 \u2013 est \/et \u2013 sont \/ son \u2013 c\u2019est \/ ces \/ sait<\/span> \u2013 etc. <br \/>Ces homophones grammaticaux sont dignes d\u2019int\u00e9r\u00eat\u00a0: pour les diff\u00e9rencier, il faut prendre en compte la structure syntaxique o\u00f9 ils se trouvent employ\u00e9s.<\/p>\r\n<p style=\"text-align: justify;\">L\u2019enseignement traditionnel propose souvent des substitutions\u00a0: \u00ab\u00a0si on peut remplacer [a] par [ave], alors c\u2019est le verbe <em>avoir<\/em>\u00a0et on ne met pas d\u2019accent\u00a0\u00bb ou encore \u00ab\u00a0si on peut remplacer [s\u0254\u0303] par [m\u0254\u0303], alors c\u2019est le d\u00e9terminant possessif <em>son<\/em> et on ne met pas de &#8211;<em>t\u00a0<\/em>\u00bb, etc.<br \/>On le sait, ce type de proc\u00e9dures est peu efficace avec les \u00e9l\u00e8ves. Deux faits se combinent pour en expliquer la m\u00e9diocre rentabilit\u00e9\u00a0:<br \/>&#8211; les \u00e9l\u00e8ves font l\u2019\u00e9conomie de la reconnaissance de la classe grammaticale et r\u00e9duisent la substitution \u00e0 un simple \u00ab truc \u00bb qui les dispense de comprendre les configurations syntaxiques et les emp\u00eache de m\u00e9moriser peu \u00e0 peu les cas de figures ;<br \/>&#8211; quand ils \u00e9crivent, il leur faut suspendre la production du flux verbal, lever le nez, appliquer le truc, trancher le dilemme orthographique, puis reprendre le fil de leurs id\u00e9es. Cela en fait une proc\u00e9dure longue et couteuse. <br \/>De plus, le processus n\u2019est engag\u00e9 qu\u2019en r\u00e9ponse \u00e0 une sorte d\u2019alerte stressante \u00e0 chaque cas rencontr\u00e9.<\/p>\r\n<p>Deux autres mani\u00e8res de faire peuvent aider les \u00e9l\u00e8ves \u00e0 s\u2019appuyer sur le texte en train de s\u2019\u00e9crire\u00a0: la mise au jour de structures prototypiques et l\u2019\u00e9tude contrast\u00e9e des environnements syntaxiques.<\/p>\r\n<p><strong><em>La mise au jour de structures prototypiques<\/em><\/strong><\/p>\r\n<p style=\"text-align: justify;\">L\u2019objectif est que les \u00e9l\u00e8ves associent \u00e0 un contexte s\u00e9mantique et \u00e0 une structure syntaxique un mot et non un autre. Les difficult\u00e9s d&rsquo;orthographe devraient \u00eatre lev\u00e9es par analogie avec les contextes ou les structures prototypiques mises en \u00e9vidence.<br \/>Souvent, au cours d\u2019une m\u00eame le\u00e7on, sont cibl\u00e9s deux ou trois mots qui s\u2019emploient dans des environnements s\u00e9mantiques et syntaxiques similaires, par exemple <span style=\"color: #3366ff;\">\u00e0<\/span> et <span style=\"color: #3366ff;\">pour<\/span>, <span style=\"color: #3366ff;\">et<\/span> et <span style=\"color: #3366ff;\">ou<\/span>&#8230;<br \/>Le principe est celui des collectes (voir <a href=\"https:\/\/la-petite-fabrique-de-grammaire.fr\/?page_id=2441\">ici<\/a> la page \u00ab\u00a0structurer les acquis\u00a0\u00bb). Les \u00e9l\u00e8ves pr\u00e9l\u00e8vent dans un corpus les occurrences du mot cibl\u00e9, puis ils observent l\u2019environnement s\u00e9mantique et syntaxique o\u00f9 ce mot est employ\u00e9.<br \/>D\u2019une ann\u00e9e \u00e0 l\u2019autre on pr\u00e9sente des structures diff\u00e9rentes.<\/p>\r\n<p>Voil\u00e0, par exemple, comment est abord\u00e9e la pr\u00e9position <em>\u00e0\u00a0<\/em>:<\/p>\r\n<p>En CE1 :<br \/><img decoding=\"async\" src=\"http:\/\/la-petite-fabrique-de-grammaire.fr\/wp-content\/uploads\/2024\/04\/Capture-decran-2024-04-02-a-14.47.06.png\" \/><br \/>En CE2\u00a0<br \/>P\u00e9riode 2 :<br \/><img decoding=\"async\" src=\"http:\/\/la-petite-fabrique-de-grammaire.fr\/wp-content\/uploads\/2024\/04\/Capture-decran-2024-04-02-a-14.52.04.png\" \/><br \/>P\u00e9riode 5 :<\/p>\r\n<p><img decoding=\"async\" src=\"http:\/\/la-petite-fabrique-de-grammaire.fr\/wp-content\/uploads\/2024\/04\/Capture-decran-2024-04-27-a-17.48.33.png\" \/><\/p>\r\n<p>Cette approche croise l\u2019\u00e9tude au CM1 de la relation entre les verbes et leur compl\u00e9ment d\u2019objet direct ou indirect\u00a0:<br \/><img decoding=\"async\" src=\"http:\/\/la-petite-fabrique-de-grammaire.fr\/wp-content\/uploads\/2024\/04\/Capture-decran-2024-04-02-a-14.59.36.png\" \/><\/p>\r\n<p><strong><em>L\u2019\u00e9tude contrast\u00e9e des environnements syntaxiques <\/em><\/strong><\/p>\r\n<p style=\"text-align: justify;\">Cette approche o\u00f9 chaque mot susceptible de confusion est observ\u00e9 ind\u00e9pendamment de son homophone est particuli\u00e8rement adapt\u00e9e aux classes de CE.<br \/>\u00c0 partir du moment o\u00f9 les \u00e9l\u00e8ves sont un peu habitu\u00e9s aux arguments qui s\u2019appuient sur les contextes s\u00e9mantiques ou sur les configurations syntaxiques, on peut proposer une \u00e9tude des contrastes. \u00c0 cette occasion, on constatera que beaucoup d\u2019homophones traditionnellement \u00e9tudi\u00e9s sont des formes verbales (<span style=\"color: #3366ff;\">a, est, ont, sont, mets<\/span> et <span style=\"color: #3366ff;\">met<\/span>\u2026).<br \/>Voici, par exemple, pour le couple <span style=\"color: #3366ff;\">a \/ \u00e0<\/span> en CM1 :<br \/><img loading=\"lazy\" decoding=\"async\" class=\"alignnone  wp-image-5125\" src=\"http:\/\/la-petite-fabrique-de-grammaire.fr\/wp-content\/uploads\/2024\/07\/Capture-decran-2024-07-15-a-17.29.27-300x94.png\" alt=\"\" width=\"788\" height=\"247\" srcset=\"https:\/\/la-petite-fabrique-de-grammaire.fr\/wp-content\/uploads\/2024\/07\/Capture-decran-2024-07-15-a-17.29.27-300x94.png 300w, https:\/\/la-petite-fabrique-de-grammaire.fr\/wp-content\/uploads\/2024\/07\/Capture-decran-2024-07-15-a-17.29.27-768x242.png 768w, https:\/\/la-petite-fabrique-de-grammaire.fr\/wp-content\/uploads\/2024\/07\/Capture-decran-2024-07-15-a-17.29.27.png 823w\" sizes=\"auto, (max-width: 788px) 100vw, 788px\" \/><\/p>\r\n<p>&nbsp;<\/p>\r\n<p><\/p>","protected":false},"excerpt":{"rendered":"<p>\u00c9TUDIER LES HOMOPHONES Le fran\u00e7ais regorge d\u2019homophones, c\u2019est-\u00e0-dire de mots qui s\u2019\u00e9crivent de mani\u00e8res diff\u00e9rentes mais qui se prononcent avec les m\u00eames sons. Ce ph\u00e9nom\u00e8ne est d\u00fb pour bonne part \u00e0 ce que la fa\u00e7on de prononcer a \u00e9volu\u00e9 au cours des \u00e2ges alors que l\u2019orthographe ne changeait pas. Par exemple sang s&rsquo;est prononc\u00e9 [s\u0251\u0303g] [&hellip;]<\/p>\n","protected":false},"author":1,"featured_media":0,"parent":0,"menu_order":0,"comment_status":"closed","ping_status":"closed","template":"","meta":{"footnotes":""},"class_list":["post-2452","page","type-page","status-publish","hentry"],"_links":{"self":[{"href":"https:\/\/la-petite-fabrique-de-grammaire.fr\/index.php?rest_route=\/wp\/v2\/pages\/2452","targetHints":{"allow":["GET"]}}],"collection":[{"href":"https:\/\/la-petite-fabrique-de-grammaire.fr\/index.php?rest_route=\/wp\/v2\/pages"}],"about":[{"href":"https:\/\/la-petite-fabrique-de-grammaire.fr\/index.php?rest_route=\/wp\/v2\/types\/page"}],"author":[{"embeddable":true,"href":"https:\/\/la-petite-fabrique-de-grammaire.fr\/index.php?rest_route=\/wp\/v2\/users\/1"}],"replies":[{"embeddable":true,"href":"https:\/\/la-petite-fabrique-de-grammaire.fr\/index.php?rest_route=%2Fwp%2Fv2%2Fcomments&post=2452"}],"version-history":[{"count":54,"href":"https:\/\/la-petite-fabrique-de-grammaire.fr\/index.php?rest_route=\/wp\/v2\/pages\/2452\/revisions"}],"predecessor-version":[{"id":5129,"href":"https:\/\/la-petite-fabrique-de-grammaire.fr\/index.php?rest_route=\/wp\/v2\/pages\/2452\/revisions\/5129"}],"wp:attachment":[{"href":"https:\/\/la-petite-fabrique-de-grammaire.fr\/index.php?rest_route=%2Fwp%2Fv2%2Fmedia&parent=2452"}],"curies":[{"name":"wp","href":"https:\/\/api.w.org\/{rel}","templated":true}]}}