{"id":2441,"date":"2024-03-10T16:08:19","date_gmt":"2024-03-10T15:08:19","guid":{"rendered":"https:\/\/la-petite-fabrique-de-grammaire.fr\/?page_id=2441"},"modified":"2024-09-02T17:39:40","modified_gmt":"2024-09-02T15:39:40","slug":"structurer-les-acquis","status":"publish","type":"page","link":"https:\/\/la-petite-fabrique-de-grammaire.fr\/?page_id=2441","title":{"rendered":"Structurer les acquis"},"content":{"rendered":"<p><strong>STRUCTURER LES ACQUIS<\/strong><\/p>\n<p style=\"text-align: justify;\">L\u2019\u00e9tude, au cours d\u2019une le\u00e7on, de tel ou tel point de la langue vise \u00e0 faire \u00e9voluer les repr\u00e9sentations que les \u00e9l\u00e8ves s\u2019en faisaient. Pour que ces transformations aient quelque r\u00e9percussion sur la comp\u00e9tence \u00e0 comprendre ou \u00e0 se faire comprendre, sur le choix de telle ou telle graphie, de telle ou telle interpr\u00e9tation, il faut que ces perceptions remodel\u00e9es se fassent une place parmi les repr\u00e9sentations d\u00e9j\u00e0 l\u00e0, quitte \u00e0 les bousculer. Cela demande de reconfigurer en profondeur les perspectives sur l\u2019ensemble du syst\u00e8me.<br \/>\nPour aider \u00e0 ces reconfigurations, notre d\u00e9marche propose au fil de la succession des le\u00e7ons plusieurs types d\u2019 \u00ab\u00a0arr\u00eats sur images.\u00a0\u00bb<\/p>\n<p>L\u2019objectif en est triple\u00a0:<br \/>\n&#8211; revenir sur les apprentissages men\u00e9s et les rebrasser ;<br \/>\n&#8211; raisonner sur les structures syntaxiques\u00a0;<br \/>\n&#8211; structurer le savoir.<\/p>\n<p><strong><em>L\u2019arbre de la grammaire<\/em><\/strong><\/p>\n<p style=\"text-align: justify;\">Au CE1, \u00e0 la fin de la p\u00e9riode 3 et de nouveau \u00e0 la fin de la p\u00e9riode 5, il est propos\u00e9 aux \u00e9l\u00e8ves d\u2019associer \u00e0 un domaine ou \u00e0 un autre de la grammaire des mots dont l\u2019usage ou le sens lui sont sp\u00e9cifiques.<br \/>\nLe but est que les \u00e9l\u00e8ves organisent dans leur m\u00e9moire les divers objets qu\u2019on leur demande d\u2019\u00e9tudier, qu\u2019ils se construisent en quelque sorte une sorte de carte o\u00f9 situer les diff\u00e9rents \u00e9l\u00e9ments du syst\u00e8me linguistique. La forme donn\u00e9e \u00e0 cette figuration est celle d\u2019un arbre, toujours susceptible de croitre et de se ramifier davantage.<\/p>\n<p style=\"text-align: justify;\">Au CE2, ce m\u00eame dispositif est propos\u00e9 \u00e0 deux reprises. Les \u00e9l\u00e8ves sont invit\u00e9s \u00e0 revisiter cet arbre, \u00e0 retrouver rapidement les associations d\u00e9j\u00e0 \u00e9prouv\u00e9es et \u00e0 \u00e9toffer des nouvelles connaissances les ramures de cet arbre en d\u00e9veloppement.<\/p>\n<p>Voici par exemple ce que cela peut donner en cinqui\u00e8me p\u00e9riode de CE2 (voir la le\u00e7on <a href=\"http:\/\/la-petite-fabrique-de-grammaire.fr\/wp-content\/uploads\/2024\/05\/GP-CE2-P5-66-Larbre-de-la-grammaire.pdf\" target=\"_blank\" rel=\"noopener\"><em>L&rsquo;arbre de la grammaire 2<\/em><\/a>) :<\/p>\n<p><img loading=\"lazy\" decoding=\"async\" class=\"alignnone wp-image-4976\" src=\"http:\/\/la-petite-fabrique-de-grammaire.fr\/wp-content\/uploads\/2024\/06\/Capture-decran-arbre-CE2-66-300x200.png\" alt=\"\" width=\"773\" height=\"515\" srcset=\"https:\/\/la-petite-fabrique-de-grammaire.fr\/wp-content\/uploads\/2024\/06\/Capture-decran-arbre-CE2-66-300x200.png 300w, https:\/\/la-petite-fabrique-de-grammaire.fr\/wp-content\/uploads\/2024\/06\/Capture-decran-arbre-CE2-66-1024x684.png 1024w, https:\/\/la-petite-fabrique-de-grammaire.fr\/wp-content\/uploads\/2024\/06\/Capture-decran-arbre-CE2-66-768x513.png 768w, https:\/\/la-petite-fabrique-de-grammaire.fr\/wp-content\/uploads\/2024\/06\/Capture-decran-arbre-CE2-66.png 1110w\" sizes=\"auto, (max-width: 773px) 100vw, 773px\" \/><\/p>\n<p><strong><em>Les collectes<\/em><\/strong><\/p>\n<p style=\"text-align: justify;\">Certaines marques sont particuli\u00e8rement probl\u00e9matiques parce qu\u2019elles peuvent, selon les contextes, recevoir des valeurs diff\u00e9rentes. C\u2019est le cas, en particulier, des lettres &#8211;<em>e<\/em>, &#8211;<em>s<\/em> ou &#8211;<em>t<\/em>\u2026<br \/>\nCertains \u00e9l\u00e8ves n\u2019acceptent pas facilement qu\u2019elles ne soient pas univoques. Ils fixent telle ou telle marque dans un r\u00f4le et n\u00e9gligent les autres valeurs possibles, comme cet \u00e9l\u00e8ve de CE2 qui ampute le verbe de son &#8211;<em>e\u00a0<\/em>: <span style=\"color: #3366ff;\">J\u2019ai \u00e9crit <em>il jou<\/em> \u00ab\u00a0parce que c\u2019est pas une fille\u00a0!\u00a0\u00bb<\/span><\/p>\n<p style=\"text-align: justify;\">Pour aider les \u00e9l\u00e8ves \u00e0 revenir sur les valeurs \u00ab noter un son \u00bb, \u00ab marquer un accord \u00bb et \u00ab marquer la personne \u00e0 la fin d\u2019un verbe \u00bb, on propose un petit texte, on demande aux \u00e9l\u00e8ves de relever les mots qui contiennent la lettre en question puis de classer ces mots selon le sens qu\u2019ils lui trouvent. Voil\u00e0 comme exemple ce que cela peut donner en CE2 (voir la le\u00e7on <em><a href=\"http:\/\/la-petite-fabrique-de-grammaire.fr\/wp-content\/uploads\/2024\/03\/GP-CE2-P3-39-Collecte-du-e-OK.pdf\" target=\"_blank\" rel=\"noopener\">Collecte de -e<\/a><\/em>) :<\/p>\n<p><img loading=\"lazy\" decoding=\"async\" class=\"\" src=\"http:\/\/la-petite-fabrique-de-grammaire.fr\/wp-content\/uploads\/2024\/04\/Capture-decran-2024-04-26-a-11.30.20-collecte-e.png\" width=\"680\" height=\"357\" \/><\/p>\n<p style=\"text-align: justify;\">Un b\u00e9n\u00e9fice essentiel est aussi de favoriser un autre rapport \u00e0 la langue.<br \/>\nCette pratique conduit les \u00e9l\u00e8ves \u00e0 ne pas prendre en compte seulement les mots et leurs lettres mais les structures de phrases d\u2019o\u00f9 ces mots sont extraits. Elle les accoutume \u00e0 raisonner sur des structures et non sur des \u00e9l\u00e9ments \u00e9pars, des mots ou des lettres.<\/p>\n<p style=\"text-align: justify;\"><strong>Remarque<\/strong>\u00a0: Avec les \u00e9l\u00e8ves les plus grands, on peut d\u00e9l\u00e9guer aux \u00e9l\u00e8ves le soin de constituer eux-m\u00eames le corpus \u00e0 classer. On leur indique le ou les textes de lecture o\u00f9 rechercher des mots qui contiennent l\u2019\u00e9l\u00e9ment \u00e0 relever, ils mettent en commun leur r\u00e9colte puis ils proc\u00e8dent au classement. Cependant ce type de \u00ab\u00a0traque\u00a0\u00bb prend pas mal de temps et risque de fournir abondamment la cat\u00e9gorie \u00ab\u00a0on ne sait pas\u00a0\u00bb.<\/p>\n<p><strong><em>Les mises en classes<\/em><\/strong><\/p>\n<p style=\"text-align: justify;\">Lors des tests de progr\u00e8s (voir <a href=\"https:\/\/la-petite-fabrique-de-grammaire.fr\/?page_id=137\">ici<\/a>) mais aussi lors de s\u00e9ances sp\u00e9cifiques ou d&rsquo;entrainements sp\u00e9cifiques (voir <em><a href=\"https:\/\/la-petite-fabrique-de-grammaire.fr\/?page_id=2475\" target=\"_blank\" rel=\"noopener\">Le dispositif Calame-Gippet<\/a><\/em>) les \u00e9l\u00e8ves sont invit\u00e9s \u00e0 classer les mots d\u2019un court texte en fonction de leur classe grammaticale.<br \/>\nBeaucoup de mots peuvent \u2013 selon les contextes \u2013 relever d\u2019une classe ou d\u2019une autre. Les mots <span style=\"color: #3366ff;\"><em>\u00e9l\u00e8ve<\/em><\/span> ou <span style=\"color: #3366ff;\"><em>porte<\/em><\/span> peuvent \u00eatre noms (<span style=\"color: #3366ff;\"><em>C<\/em>\u2019est un<em> \u00e9l\u00e8ve <\/em>consciencieux, il referme toujours la<em> porte<\/em>.<\/span>) ou verbes (<span style=\"color: #3366ff;\">j\u2019<em>\u00e9l\u00e8ve <\/em>des escargots\u2026 je leur<em> porte <\/em>de la salade\u2026<\/span>), les adjectifs peuvent souvent \u00eatre employ\u00e9s comme noms (<span style=\"color: #3366ff;\">le <em>bleu <\/em>de tes yeux\u2026 il a des<em> bleus <\/em>\u00e0 force de se cogner<\/span>) ou comme adverbes (<span style=\"color: #3366ff;\">il faut parler<em> clair <\/em>et<em> net<\/em>\u2026<\/span>), les pr\u00e9positions s\u2019utilisent souvent comme adverbes (<span style=\"color: #3366ff;\">il a oubli\u00e9 sa trousse, il est parti <\/span><span style=\"color: #3366ff;\"><em>sans\u2026<\/em><\/span>), etc. Donc, pour d\u00e9terminer la classe grammaticale de tel ou tel mot, il faut prendre en compte la structure syntaxique o\u00f9 le mot est employ\u00e9.<\/p>\n<p style=\"text-align: justify;\">Si les mots sont donn\u00e9s sans contexte, il faut s\u2019appuyer sur la diversit\u00e9 des formes que peut prendre le mot pour d\u00e9terminer la classe grammaticale \u00e0 laquelle il peut appartenir. Il s\u2019agit alors de jouer avec les relations entre \u00ab\u00a0nature\u00a0\u00bb et \u00ab\u00a0fonction\u00a0\u00bb (sur ces notions, voir<a href=\"https:\/\/la-petite-fabrique-de-grammaire.fr\/?page_id=2587\"> ici<\/a> les mises au point).<\/p>\n<p><strong><em>Les mises en boites<\/em><\/strong><\/p>\n<p style=\"text-align: justify;\">Le principe est celui-ci\u00a0: les \u00e9l\u00e8ves collectent des formes verbales dans les textes de lecture, ils doivent les ranger dans des \u00ab\u00a0boites\u00a0\u00bb elles-m\u00eames emboit\u00e9es les unes dans les autres (depuis les plus grandes \u2013 des boites \u00e0 chaussures, par exemple \u2013 jusqu\u2019\u00e0 de plus petites \u2013 des pots de yaourt). Ces boites peuvent aussi \u00eatre virtuelles, comme dans les tableaux qui suivent.<br \/>\nVoici les \u00ab\u00a0boites\u00a0\u00bb telles qu\u2019elles pourraient se pr\u00e9senter en fin de CM2. Dans la r\u00e9alit\u00e9 des classes, les r\u00e9coltes obtenues ne conduisent jamais \u00e0 cr\u00e9er autant de boites.<\/p>\n<p><img loading=\"lazy\" decoding=\"async\" class=\"alignnone wp-image-4988\" src=\"http:\/\/la-petite-fabrique-de-grammaire.fr\/wp-content\/uploads\/2024\/06\/Capture-decran-2024-06-23-a-22.15.33-300x204.png\" alt=\"\" width=\"745\" height=\"507\" srcset=\"https:\/\/la-petite-fabrique-de-grammaire.fr\/wp-content\/uploads\/2024\/06\/Capture-decran-2024-06-23-a-22.15.33-300x204.png 300w, https:\/\/la-petite-fabrique-de-grammaire.fr\/wp-content\/uploads\/2024\/06\/Capture-decran-2024-06-23-a-22.15.33.png 652w\" sizes=\"auto, (max-width: 745px) 100vw, 745px\" \/><br \/>\nSi besoin, on peut affiner en cr\u00e9ant des boites pour les verbes en &#8211;<em>cer<\/em> (<span style=\"color: #3366ff;\">placer&#8230;<\/span>) ou &#8211;<em>ger <\/em>(<span style=\"color: #3366ff;\">nager&#8230;<\/span>)<em>, <\/em>les verbes dont le radical se termine par un &#8211;<em>y<\/em> (<span style=\"color: #3366ff;\">balayer<\/span>, <span style=\"color: #3366ff;\">voir<\/span>&#8230;), etc. Voir <a href=\"https:\/\/la-petite-fabrique-de-grammaire.fr\/?page_id=2406\" target=\"_blank\" rel=\"noopener\">la liste des verbes irr\u00e9guliers<\/a>.<\/p>\n<p><img loading=\"lazy\" decoding=\"async\" class=\"\" src=\"http:\/\/la-petite-fabrique-de-grammaire.fr\/wp-content\/uploads\/2024\/04\/Capture-decran-2024-04-26-a-11.53.33-boite-a-verbe-2.png\" width=\"710\" height=\"140\" \/><\/p>\n<p style=\"text-align: justify;\">Ce dispositif de <em>mise en boites<\/em> permet de revenir sur trois comp\u00e9tences conjointes :<br \/>\n&#8211; analyser des phrases pour rep\u00e9rer les verbes<br \/>\n&#8211; interpr\u00e9ter les formes verbales pour les ranger dans les quatre cat\u00e9gories\u00a0: forme impersonnelle \/ forme indiquant \u00ab\u00a0avant\u00a0\u00bb \/ forme indiquant \u00ab\u00a0en m\u00eame temps\u00a0\u00bb \/ forme indiquant \u00ab\u00a0apr\u00e8s\u00a0\u00bb<br \/>\n&#8211; analyser les formes verbales<\/p>\n","protected":false},"excerpt":{"rendered":"<p>STRUCTURER LES ACQUIS L\u2019\u00e9tude, au cours d\u2019une le\u00e7on, de tel ou tel point de la langue vise \u00e0 faire \u00e9voluer les repr\u00e9sentations que les \u00e9l\u00e8ves s\u2019en faisaient. Pour que ces transformations aient quelque r\u00e9percussion sur la comp\u00e9tence \u00e0 comprendre ou \u00e0 se faire comprendre, sur le choix de telle ou telle graphie, de telle ou [&hellip;]<\/p>\n","protected":false},"author":1,"featured_media":0,"parent":0,"menu_order":0,"comment_status":"closed","ping_status":"closed","template":"","meta":{"footnotes":""},"class_list":["post-2441","page","type-page","status-publish","hentry"],"_links":{"self":[{"href":"https:\/\/la-petite-fabrique-de-grammaire.fr\/index.php?rest_route=\/wp\/v2\/pages\/2441","targetHints":{"allow":["GET"]}}],"collection":[{"href":"https:\/\/la-petite-fabrique-de-grammaire.fr\/index.php?rest_route=\/wp\/v2\/pages"}],"about":[{"href":"https:\/\/la-petite-fabrique-de-grammaire.fr\/index.php?rest_route=\/wp\/v2\/types\/page"}],"author":[{"embeddable":true,"href":"https:\/\/la-petite-fabrique-de-grammaire.fr\/index.php?rest_route=\/wp\/v2\/users\/1"}],"replies":[{"embeddable":true,"href":"https:\/\/la-petite-fabrique-de-grammaire.fr\/index.php?rest_route=%2Fwp%2Fv2%2Fcomments&post=2441"}],"version-history":[{"count":68,"href":"https:\/\/la-petite-fabrique-de-grammaire.fr\/index.php?rest_route=\/wp\/v2\/pages\/2441\/revisions"}],"predecessor-version":[{"id":5609,"href":"https:\/\/la-petite-fabrique-de-grammaire.fr\/index.php?rest_route=\/wp\/v2\/pages\/2441\/revisions\/5609"}],"wp:attachment":[{"href":"https:\/\/la-petite-fabrique-de-grammaire.fr\/index.php?rest_route=%2Fwp%2Fv2%2Fmedia&parent=2441"}],"curies":[{"name":"wp","href":"https:\/\/api.w.org\/{rel}","templated":true}]}}