{"id":2429,"date":"2024-03-10T15:59:49","date_gmt":"2024-03-10T14:59:49","guid":{"rendered":"https:\/\/la-petite-fabrique-de-grammaire.fr\/?page_id=2429"},"modified":"2025-12-01T16:58:33","modified_gmt":"2025-12-01T15:58:33","slug":"differentes-perspectives-sur-les-notions","status":"publish","type":"page","link":"https:\/\/la-petite-fabrique-de-grammaire.fr\/?page_id=2429","title":{"rendered":"Diff\u00e9rentes perspectives sur les notions"},"content":{"rendered":"<p style=\"text-align: justify;\"><strong>DIFF\u00c9RENTES PERSPECTIVES SUR LES NOTIONS GRAMMATICALES :<br \/>Points de vue morphologique, syntaxique, s\u00e9mantique<\/strong>\u00a0<\/p>\r\n\r\n<p style=\"text-align: justify;\">La plupart des \u00e9l\u00e9ments linguistiques s\u2019inscrivent au carrefour de deux logiques :<br \/>&#8211; celle de la morphologie\u00a0: les diff\u00e9rentes formes qu\u2019une expression peut prendre\u00a0;<br \/>&#8211; celle de la syntaxe\u00a0: l\u2019emplacement dans le flux verbal o\u00f9 elle peut prendre place.<\/p>\r\n\r\n\r\n\r\n<p style=\"text-align: justify;\">C\u2019est relativement \u00e9vident \u00e0 l\u2019\u00e9chelle d\u2019un mot, et le dispositif des \u00ab\u00a0tirettes\u00a0\u00bb met en pleine lumi\u00e8re ce croisement de logiques. Ainsi la forme <em>chevaux<\/em> appartient \u00e0 l\u2019ensemble <em>cheval \/ chevaux<\/em>, c&rsquo;est l&rsquo;une des deux formes que peut prendre ce nom. Et cette m\u00eame forme s\u2019ins\u00e8re \u00e0 une place de nom dans un environnement syntaxique qui demande des marques de pluriel.<\/p>\r\n\r\n\r\n\r\n<figure class=\"wp-block-image size-full\" style=\"text-align: justify;\"><img loading=\"lazy\" decoding=\"async\" width=\"709\" height=\"262\" class=\"wp-image-2643\" src=\"https:\/\/la-petite-fabrique-de-grammaire.fr\/wp-content\/uploads\/2024\/03\/Capture-decran-2024-03-11-a-19.05.00.png\" alt=\"\" srcset=\"https:\/\/la-petite-fabrique-de-grammaire.fr\/wp-content\/uploads\/2024\/03\/Capture-decran-2024-03-11-a-19.05.00.png 709w, https:\/\/la-petite-fabrique-de-grammaire.fr\/wp-content\/uploads\/2024\/03\/Capture-decran-2024-03-11-a-19.05.00-300x111.png 300w\" sizes=\"auto, (max-width: 709px) 100vw, 709px\" \/><\/figure>\r\n\r\n\r\n\r\n<p style=\"text-align: justify;\">Ce n\u2019est pas moins vrai pour des \u00e9l\u00e9ments plus complexes, qu\u2019il n\u2019est pas toujours facile de repr\u00e9senter dans des tirettes.<br \/>Par exemple, pour ins\u00e9rer un compl\u00e9ment de phrase :<\/p>\r\n\r\n\r\n\r\n<figure class=\"wp-block-image size-full\" style=\"text-align: justify;\"><img loading=\"lazy\" decoding=\"async\" width=\"652\" height=\"180\" class=\"wp-image-2644\" src=\"https:\/\/la-petite-fabrique-de-grammaire.fr\/wp-content\/uploads\/2024\/03\/Capture-decran-2024-03-11-a-19.09.43.png\" alt=\"\" srcset=\"https:\/\/la-petite-fabrique-de-grammaire.fr\/wp-content\/uploads\/2024\/03\/Capture-decran-2024-03-11-a-19.09.43.png 652w, https:\/\/la-petite-fabrique-de-grammaire.fr\/wp-content\/uploads\/2024\/03\/Capture-decran-2024-03-11-a-19.09.43-300x83.png 300w\" sizes=\"auto, (max-width: 652px) 100vw, 652px\" \/><\/figure>\r\n\r\n\r\n\r\n<p style=\"text-align: justify;\">D\u2019un point de vue morphologique \u2013 celui qu\u2019illustre bien le dispositif \u00ab\u00a0tirette\u00a0\u00bb \u2013 on per\u00e7oit bien le choix entre adverbe (<em>alors<\/em>), groupe nominal pr\u00e9positionnel (<em>\u00e0 cet instant<\/em>) ou proposition subordonn\u00e9e (<em>quand il vit la vip\u00e8re<\/em>). Mais le dispositif ne rend pas compte du point de vue syntaxique qui d\u00e9gage la mobilit\u00e9 dans la phrase du compl\u00e9ment.<br \/>[<span style=\"color: #ff9900;\">\u00c0 cet instant<\/span>] [<span style=\"color: #99cc00;\">le cheval<\/span>] [<span style=\"color: #ff0000;\">prit le mors aux dents<\/span>].<br \/>[<span style=\"color: #99cc00;\">Le cheval<\/span>] [<span style=\"color: #ff0000;\">prit<\/span> [<span style=\"color: #ff9900;\">\u00e0 cet instant<\/span>] <span style=\"color: #ff0000;\">le mors aux dents]<\/span>.<br \/>[<span style=\"color: #99cc00;\">Le cheval<\/span>] [<span style=\"color: #ff0000;\">prit le mors aux dents<\/span>] [<span style=\"color: #ff9900;\">\u00e0 cet instant<\/span>].<\/p>\r\n\r\n\r\n\r\n<p style=\"text-align: justify;\">Autre exemple\u00a0: le choix d\u2019une formulation \u00e0 la voix active ou \u00e0 la voix passive.<br \/><span style=\"color: #0000ff;\">Les \u00e9l\u00e8ves <strong>\u00e9tudient<\/strong> l\u2019accord dans le groupe du nom d\u00e8s le CE1.<\/span><br \/><span style=\"color: #0000ff;\">L\u2019accord dans le groupe du nom <strong>est \u00e9tudi\u00e9<\/strong> d\u00e8s le CE1.<\/span><br \/>D\u2019un point de vue morphologique, on voit comment est construite la forme passive\u00a0: auxiliaire <em>\u00eatre<\/em> au temps souhait\u00e9 + participe pass\u00e9. D\u2019un point de vue syntaxique, on voit comme est structur\u00e9 l\u2019environnement du verbe : l\u2019objet de la voix active (<em>l\u2019accord dans le groupe du nom<\/em>) est le sujet de la voix passive.<\/p>\r\n\r\n\r\n\r\n<p style=\"text-align: justify;\">Ce dernier exemple montre clairement qu\u2019il manque un troisi\u00e8me point de vue, souvent n\u00e9glig\u00e9 dans l\u2019enseignement de la grammaire\u00a0: le point de vue s\u00e9mantique.<br \/>En effet, ce qui motive essentiellement le choix d\u2019une phrase active ou d\u2019une phrase passive, c\u2019est le fait que la phrase passive n\u2019impose pas d\u2019exprimer l\u2019agent\u00a0:<br \/><span style=\"color: #0000ff;\">L\u2019accord dans le groupe du nom<strong> est \u00e9tudi\u00e9 <\/strong>d\u00e8s le CE1 (par les \u00e9l\u00e8ves).<\/span><br \/>Ceci explique que les phrases passives soient relativement rares dans les r\u00e9cits mais qu\u2019on les rencontre souvent dans les textes de loi, les r\u00e8glements\u2026 et dans les textes explicatifs.<br \/><span style=\"color: #0000ff;\">La fusion de la roche<strong> est obtenue <\/strong>dans certaines conditions de pression et de temp\u00e9rature.<\/span><\/p>\r\n\r\n\r\n\r\n<p style=\"text-align: justify;\">Mais pour nos deux autres exemples aussi, le point de vue s\u00e9mantique n\u2019est pas \u00e0 n\u00e9gliger et il \u00e9claire bien &#8211; notamment la syntaxe.<br \/><em>Exemple du compl\u00e9ment de phrase<\/em> :<br \/>La place du compl\u00e9ment de phrase n\u2019a rien d\u2019indiff\u00e9rent.<br \/>Il se situe en t\u00eate de phrase chaque fois qu\u2019il s\u2019agit d\u2019articuler la phrase au texte qui pr\u00e9c\u00e8de\u00a0:<br \/><span style=\"color: #0000ff;\">Une vip\u00e8re surgit du bosquet de tro\u00e8nes. <strong>Alors \/ \u00c0 cet instant \/ quand il la vit<\/strong>, le cheval prit le mors aux dents.<\/span><br \/>Il se situe \u00e0 la fin de la phrase quand il apporte l\u2019information importante\u00a0:<br \/><span style=\"color: #0000ff;\">&#8211; \u00c0 quel moment le cheval s\u2019est-il emball\u00e9\u00a0?<\/span><br \/><span style=\"color: #0000ff;\">&#8211; Le cheval prit le mors aux dents <strong>\u00e0 cet instant \/ quand il vit la vip\u00e8re<\/strong>.<\/span><br \/><em>Exemple du pluriel<\/em> :<br \/>L\u2019opposition entre singulier et pluriel correspond souvent \u00e0 une opposition entre \u00ab un seul \u00bb et \u00ab plusieurs \u00bb. M\u00eame si ce n\u2019est pas toujours le cas : <em>le troupeau<\/em> correspond \u00e0 une pluralit\u00e9 d\u2019individus alors que <em>mes lunettes<\/em> correspond \u00e0 un objet unique.<br \/>Mais surtout, l\u2019accord dans le groupe du nom assure la coh\u00e9sion syntaxique du groupe nominal par-del\u00e0 les \u00e9ventuels rupteurs\u00a0:<br \/><span style=\"color: #0000ff;\">[C<strong>es<\/strong> trop sinistre<strong>s<\/strong> chevau<strong>x<\/strong>] s\u2019emballent facilement.<\/span><br \/>Ce faisant, le point de vue syntaxique rejoint un point de vue s\u00e9mantique : l&rsquo;accord permet d&rsquo;identifier les \u00e9l\u00e9ments qui \u00ab\u00a0parlent des m\u00eames choses\u00a0\u00bb.<\/p>\r\n<p>&nbsp;<\/p>\r\n\r\n\r\n\r\n<p style=\"text-align: justify;\"><strong>En classe<\/strong>, il convient de ne n\u00e9gliger aucun des trois points de vue. Autant que possible, il convient de les exposer ensemble, m\u00eame de mani\u00e8re implicite, comme dans cette premi\u00e8re approche du nom et du verbe au CE1\u00a0:<\/p>\r\n\r\n\r\n\r\n<figure class=\"wp-block-image size-full\" style=\"text-align: justify;\"><img loading=\"lazy\" decoding=\"async\" width=\"706\" height=\"155\" class=\"wp-image-2645\" src=\"https:\/\/la-petite-fabrique-de-grammaire.fr\/wp-content\/uploads\/2024\/03\/Capture-decran-2024-03-11-a-19.10.48.png\" alt=\"\" srcset=\"https:\/\/la-petite-fabrique-de-grammaire.fr\/wp-content\/uploads\/2024\/03\/Capture-decran-2024-03-11-a-19.10.48.png 706w, https:\/\/la-petite-fabrique-de-grammaire.fr\/wp-content\/uploads\/2024\/03\/Capture-decran-2024-03-11-a-19.10.48-300x66.png 300w\" sizes=\"auto, (max-width: 706px) 100vw, 706px\" \/><\/figure>\r\n\r\n\r\n\r\n<p style=\"text-align: justify;\">Il faut aussi ne pas perdre de vue ces points de vue quand on s\u2019occupe des raisonnements des \u00e9l\u00e8ves. Il convient en effet de les faire passer de raisonnements qui s\u2019appuient sur le s\u00e9mantique \u00e0 des raisonnements qui prennent en compte les aspects morphologiques et syntaxiques. Voici par exemple la phrase suivante :<br \/>\u00a0\u00a0 <span style=\"color: #0000ff;\">Elle (= une ile) est habit\u00e9e par des monstres.<\/span><br \/>Et voici comment une petite fille explique la pr\u00e9sence de la marque &#8211;<em>e<\/em> au mot <em>habit\u00e9e<\/em>\u00a0:<br \/><em>\u00a0\u00a0\u00a0\u00a0\u00a0\u00a0\u00a0\u00a0\u00a0\u00a0\u00a0<span style=\"color: #0000ff;\"> J\u2019ai mis un &#8211;<\/span><\/em><span style=\"color: #0000ff;\">e<em> parce que c\u2019est une ile.<\/em><\/span><br \/>Il conviendrait de l\u2019amener \u00e0 produire un raisonnement du type\u00a0:<br \/>\u00a0\u00a0 <span style=\"color: #0000ff;\">Il faut un &#8211;<em>e<\/em> parce que \u00e7a parle de la m\u00eame chose que le mot <em>elle<\/em>, et que <em>elle<\/em>, c\u2019est f\u00e9minin.<\/span><\/p>\r\n<p>Et si l&rsquo;on veut \u00e9voquer aupr\u00e8s des \u00e9l\u00e8ves cet entrecroisement de perspectives, on peut le faire \u00e0 l&rsquo;aide de ces questions :<br \/>-morphologie : <strong>\u00e0 quoi est-ce que \u00e7a ressemble ?<\/strong><br \/><span style=\"color: #0000ff;\"><em>habit\u00e9e<\/em>, \u00e7a ressemble \u00e0 un adjectif<\/span><br \/>-syntaxe : <strong>avec quoi est-ce que \u00e7a va ?<\/strong><br \/><span style=\"color: #0000ff;\">\u00c7a va avec le mot <em>elle<\/em><\/span><br \/>-s\u00e9mantique : <strong>\u00e0 quoi \u00e7a sert ?<\/strong><br \/><span style=\"color: #0000ff;\">Le <em>-e<\/em> sert \u00e0 montrer que \u00e7a parle de la m\u00eame chose que le <em>elle<\/em>, que \u00e7a parle toujours de l&rsquo;ile.<\/span><\/p>\r\n<p>On peut aussi aider les \u00e9l\u00e8ves \u00e0 saisir comment les connaissances de la syntaxe et de la morphologie peut nourrir un point de vue s\u00e9mantique et sugg\u00e9rer une premi\u00e8re id\u00e9e sur le sens d&rsquo;un texte. Par exemple, dans la situation <a href=\"http:\/\/la-petite-fabrique-de-grammaire.fr\/wp-content\/uploads\/2023\/12\/Il-etait-grilheure-GP.pdf\" target=\"_blank\" rel=\"noopener\"><em>Il \u00e9tait grilheure<\/em><\/a> propos\u00e9e pour un CM1 :<br \/><span style=\"color: #008000;\">Les vergons fourgus<\/span> \/\/ <span style=\"color: #ff0000;\">bourniflaient<\/span>. (Lewis Carol, <em>De l&rsquo;autre c\u00f4t\u00e9 du miroir<\/em>, traduction d&rsquo;Henri Parisot)<br \/>On demande aux \u00e9l\u00e8ves\u00a0: \u00ab\u00a0De quoi parle-t-on dans cette phrase\u00a0? Qu\u2019est-ce qu\u2019on en dit\u00a0? Qu\u2019est-ce qui vous am\u00e8ne \u00e0 penser \u00e7a\u00a0?\u00a0\u00bb<br \/>&#8211; C\u2019est comme \u00e7a que sont souvent les phrases.<br \/>&#8211; <em>Les<\/em> et les mots qui se terminent par &#8211;<em>s<\/em> font comme un groupe du nom avec un adjectif. On doit parler des vergons fourgus.<br \/>&#8211; Le &#8211;<em>ent<\/em> va bien avec <em>les<\/em> et les &#8211;<em>s<\/em>, on peut penser que c\u2019est le verbe, \u00e7a doit dire ce qui se passe.<\/p>\r\n<p style=\"text-align: justify;\">\u00a0<\/p>\r\n<p style=\"text-align: justify;\">\u00a0<\/p>\r\n","protected":false},"excerpt":{"rendered":"<p>DIFF\u00c9RENTES PERSPECTIVES SUR LES NOTIONS GRAMMATICALES :Points de vue morphologique, syntaxique, s\u00e9mantique\u00a0 La plupart des \u00e9l\u00e9ments linguistiques s\u2019inscrivent au carrefour de deux logiques :&#8211; celle de la morphologie\u00a0: les diff\u00e9rentes formes qu\u2019une expression peut prendre\u00a0;&#8211; celle de la syntaxe\u00a0: l\u2019emplacement dans le flux verbal o\u00f9 elle peut prendre place. C\u2019est relativement \u00e9vident \u00e0 l\u2019\u00e9chelle d\u2019un [&hellip;]<\/p>\n","protected":false},"author":1,"featured_media":0,"parent":0,"menu_order":0,"comment_status":"closed","ping_status":"closed","template":"","meta":{"footnotes":""},"class_list":["post-2429","page","type-page","status-publish","hentry"],"_links":{"self":[{"href":"https:\/\/la-petite-fabrique-de-grammaire.fr\/index.php?rest_route=\/wp\/v2\/pages\/2429","targetHints":{"allow":["GET"]}}],"collection":[{"href":"https:\/\/la-petite-fabrique-de-grammaire.fr\/index.php?rest_route=\/wp\/v2\/pages"}],"about":[{"href":"https:\/\/la-petite-fabrique-de-grammaire.fr\/index.php?rest_route=\/wp\/v2\/types\/page"}],"author":[{"embeddable":true,"href":"https:\/\/la-petite-fabrique-de-grammaire.fr\/index.php?rest_route=\/wp\/v2\/users\/1"}],"replies":[{"embeddable":true,"href":"https:\/\/la-petite-fabrique-de-grammaire.fr\/index.php?rest_route=%2Fwp%2Fv2%2Fcomments&post=2429"}],"version-history":[{"count":51,"href":"https:\/\/la-petite-fabrique-de-grammaire.fr\/index.php?rest_route=\/wp\/v2\/pages\/2429\/revisions"}],"predecessor-version":[{"id":7259,"href":"https:\/\/la-petite-fabrique-de-grammaire.fr\/index.php?rest_route=\/wp\/v2\/pages\/2429\/revisions\/7259"}],"wp:attachment":[{"href":"https:\/\/la-petite-fabrique-de-grammaire.fr\/index.php?rest_route=%2Fwp%2Fv2%2Fmedia&parent=2429"}],"curies":[{"name":"wp","href":"https:\/\/api.w.org\/{rel}","templated":true}]}}