{"id":2410,"date":"2024-03-10T15:34:09","date_gmt":"2024-03-10T14:34:09","guid":{"rendered":"https:\/\/la-petite-fabrique-de-grammaire.fr\/?page_id=2410"},"modified":"2024-03-24T16:39:13","modified_gmt":"2024-03-24T15:39:13","slug":"liste-des-mots-les-plus-frequents","status":"publish","type":"page","link":"https:\/\/la-petite-fabrique-de-grammaire.fr\/?page_id=2410","title":{"rendered":"Liste des mots les plus fr\u00e9quents"},"content":{"rendered":"<p><strong>LISTE DES MOTS LES PLUS FR\u00c9QUENTS<\/strong><\/p>\n<p>Il est parfois utile de connaitre la fr\u00e9quence relative des mots qu&rsquo;on manipule en \u00e9tude de la langue. \u00c9tablir cette fr\u00e9quence est toujours difficile et la liste des textes retenus pour l&rsquo;\u00e9tablir est toujours discutable, mais cela donne une id\u00e9e.<\/p>\n<p>Voici <a href=\"http:\/\/la-petite-fabrique-de-grammaire.fr\/wp-content\/uploads\/2024\/03\/Liste_des_1500_mots-2.pdf\" target=\"_blank\" rel=\"noopener\">ici<\/a> une liste issue du site Eduscol qui propose les 1500 mots les plus fr\u00e9quents dans le corpus choisi.<\/p>\n","protected":false},"excerpt":{"rendered":"<p>LISTE DES MOTS LES PLUS FR\u00c9QUENTS Il est parfois utile de connaitre la fr\u00e9quence relative des mots qu&rsquo;on manipule en \u00e9tude de la langue. \u00c9tablir cette fr\u00e9quence est toujours difficile et la liste des textes retenus pour l&rsquo;\u00e9tablir est toujours discutable, mais cela donne une id\u00e9e. Voici ici une liste issue du site Eduscol qui [&hellip;]<\/p>\n","protected":false},"author":2,"featured_media":0,"parent":0,"menu_order":0,"comment_status":"closed","ping_status":"closed","template":"","meta":{"footnotes":""},"class_list":["post-2410","page","type-page","status-publish","hentry"],"_links":{"self":[{"href":"https:\/\/la-petite-fabrique-de-grammaire.fr\/index.php?rest_route=\/wp\/v2\/pages\/2410","targetHints":{"allow":["GET"]}}],"collection":[{"href":"https:\/\/la-petite-fabrique-de-grammaire.fr\/index.php?rest_route=\/wp\/v2\/pages"}],"about":[{"href":"https:\/\/la-petite-fabrique-de-grammaire.fr\/index.php?rest_route=\/wp\/v2\/types\/page"}],"author":[{"embeddable":true,"href":"https:\/\/la-petite-fabrique-de-grammaire.fr\/index.php?rest_route=\/wp\/v2\/users\/2"}],"replies":[{"embeddable":true,"href":"https:\/\/la-petite-fabrique-de-grammaire.fr\/index.php?rest_route=%2Fwp%2Fv2%2Fcomments&post=2410"}],"version-history":[{"count":6,"href":"https:\/\/la-petite-fabrique-de-grammaire.fr\/index.php?rest_route=\/wp\/v2\/pages\/2410\/revisions"}],"predecessor-version":[{"id":3418,"href":"https:\/\/la-petite-fabrique-de-grammaire.fr\/index.php?rest_route=\/wp\/v2\/pages\/2410\/revisions\/3418"}],"wp:attachment":[{"href":"https:\/\/la-petite-fabrique-de-grammaire.fr\/index.php?rest_route=%2Fwp%2Fv2%2Fmedia&parent=2410"}],"curies":[{"name":"wp","href":"https:\/\/api.w.org\/{rel}","templated":true}]}}