{"id":141,"date":"2023-11-04T16:01:21","date_gmt":"2023-11-04T15:01:21","guid":{"rendered":"https:\/\/la-petite-fabrique-de-grammaire.fr\/?page_id=141"},"modified":"2024-08-04T17:30:25","modified_gmt":"2024-08-04T15:30:25","slug":"quest-ce-faire-de-la-grammaire","status":"publish","type":"page","link":"https:\/\/la-petite-fabrique-de-grammaire.fr\/?page_id=141","title":{"rendered":"Qu&rsquo;est-ce faire de la grammaire ?"},"content":{"rendered":"<p><strong>QU&rsquo;EST-CE QUE FAIRE DE LA GRAMMAIRE ?<\/strong><\/p>\n<p style=\"text-align: justify;\">Les \u00e9l\u00e8ves n&rsquo;ont souvent qu&rsquo;une notion assez floue de ce qu&rsquo;est la grammaire. Et il ne manque pas d&rsquo;adultes pour qui cette discipline scolaire n&rsquo;est pas tellement plus claire.<br \/>\nVoici donc quelques pistes pour \u00e9clairer la question.<\/p>\n<p style=\"text-align: justify;\"><a href=\"https:\/\/la-petite-fabrique-de-grammaire.fr\/?page_id=2548\">Grammaire ou linguistique<\/a><\/p>\n<p style=\"text-align: justify;\"><a href=\"https:\/\/la-petite-fabrique-de-grammaire.fr\/?page_id=2552\">Une autre relation \u00e0 la langue<\/a><\/p>\n<p style=\"text-align: justify;\"><a href=\"https:\/\/la-petite-fabrique-de-grammaire.fr\/?page_id=2555\">Une d\u00e9marche cognitive claire<\/a><\/p>\n<p><a href=\"https:\/\/la-petite-fabrique-de-grammaire.fr\/?page_id=5253\">Approcher la langue comme syst\u00e8me<\/a><\/p>\n<p style=\"text-align: justify;\"><a href=\"https:\/\/la-petite-fabrique-de-grammaire.fr\/?page_id=2558\">R\u00e9solution de probl\u00e8me<\/a><\/p>\n","protected":false},"excerpt":{"rendered":"<p>QU&rsquo;EST-CE QUE FAIRE DE LA GRAMMAIRE ? Les \u00e9l\u00e8ves n&rsquo;ont souvent qu&rsquo;une notion assez floue de ce qu&rsquo;est la grammaire. Et il ne manque pas d&rsquo;adultes pour qui cette discipline scolaire n&rsquo;est pas tellement plus claire. Voici donc quelques pistes pour \u00e9clairer la question. Grammaire ou linguistique Une autre relation \u00e0 la langue Une d\u00e9marche [&hellip;]<\/p>\n","protected":false},"author":1,"featured_media":0,"parent":0,"menu_order":0,"comment_status":"closed","ping_status":"closed","template":"","meta":{"footnotes":""},"class_list":["post-141","page","type-page","status-publish","hentry"],"_links":{"self":[{"href":"https:\/\/la-petite-fabrique-de-grammaire.fr\/index.php?rest_route=\/wp\/v2\/pages\/141","targetHints":{"allow":["GET"]}}],"collection":[{"href":"https:\/\/la-petite-fabrique-de-grammaire.fr\/index.php?rest_route=\/wp\/v2\/pages"}],"about":[{"href":"https:\/\/la-petite-fabrique-de-grammaire.fr\/index.php?rest_route=\/wp\/v2\/types\/page"}],"author":[{"embeddable":true,"href":"https:\/\/la-petite-fabrique-de-grammaire.fr\/index.php?rest_route=\/wp\/v2\/users\/1"}],"replies":[{"embeddable":true,"href":"https:\/\/la-petite-fabrique-de-grammaire.fr\/index.php?rest_route=%2Fwp%2Fv2%2Fcomments&post=141"}],"version-history":[{"count":16,"href":"https:\/\/la-petite-fabrique-de-grammaire.fr\/index.php?rest_route=\/wp\/v2\/pages\/141\/revisions"}],"predecessor-version":[{"id":5255,"href":"https:\/\/la-petite-fabrique-de-grammaire.fr\/index.php?rest_route=\/wp\/v2\/pages\/141\/revisions\/5255"}],"wp:attachment":[{"href":"https:\/\/la-petite-fabrique-de-grammaire.fr\/index.php?rest_route=%2Fwp%2Fv2%2Fmedia&parent=141"}],"curies":[{"name":"wp","href":"https:\/\/api.w.org\/{rel}","templated":true}]}}