{"id":113,"date":"2023-11-04T15:57:51","date_gmt":"2023-11-04T14:57:51","guid":{"rendered":"https:\/\/la-petite-fabrique-de-grammaire.fr\/?page_id=113"},"modified":"2025-07-18T16:47:09","modified_gmt":"2025-07-18T14:47:09","slug":"ce1","status":"publish","type":"page","link":"https:\/\/la-petite-fabrique-de-grammaire.fr\/?page_id=113","title":{"rendered":"Situations d&rsquo;\u00e9critures"},"content":{"rendered":"<p><strong>SITUATIONS D&rsquo;\u00c9CRITURE<\/strong><\/p>\r\n<p style=\"text-align: justify;\"><strong><em>Du bon usage de ces propositions d&rsquo;\u00e9criture<\/em><\/strong><\/p>\r\n<p style=\"text-align: justify;\">La finalit\u00e9 de l&rsquo;enseignement de la grammaire est d&rsquo;am\u00e9liorer les comp\u00e9tences des \u00e9l\u00e8ves pour lire et pour \u00e9crire. Voil\u00e0 pourquoi il nous semble utile d&rsquo;offrir aux \u00e9l\u00e8ves l&rsquo;occasion de constater l&rsquo;aide que peut apporter une meilleure connaissance de la grammaire. On trouvera plusieurs types de consignes d&rsquo;\u00e9criture. Certaines font suite aux le\u00e7ons : elles permettent \u00e0 l&rsquo;\u00e9l\u00e8ve de tester imm\u00e9diatement l&rsquo;utilit\u00e9 de ce qu&rsquo;il vient d&rsquo;apprendre. D&rsquo;autres, celles qu&rsquo;on trouve sous cet onglet, sont \u00e0 proposer \u00e0 plus long terme : leur vocation est de <strong>rendre op\u00e9ratoires les acquis<\/strong> grammaticaux des \u00e9l\u00e8ves<strong>.<\/strong><\/p>\r\n\r\n<div class=\"wp-block-columns is-layout-flex wp-container-core-columns-is-layout-28f84493 wp-block-columns-is-layout-flex\">\r\n<div class=\"wp-block-column is-layout-flow wp-block-column-is-layout-flow\" style=\"flex-basis: 66.66%;\">\r\n<p style=\"text-align: justify;\"><br \/><br \/><br \/>Cette ambition restreinte explique les limites de ces propositions. Il ne serait pas raisonnable de penser fonder sur elles seules un enseignement de la production de textes. Il y manquerait l&rsquo;encouragement \u00e0 l&rsquo;expression et \u00e0 la cr\u00e9ativit\u00e9, le remploi des lectures faites, la rencontre cruciale avec la lecture d&rsquo;autrui, le calcul strat\u00e9gique de la compr\u00e9hension d&rsquo;un lecteur&#8230; De fait, nos propositions ne donnent gu\u00e8re de libert\u00e9 aux \u00e9l\u00e8ves, elles sont construites de fa\u00e7on \u00e0 rendre utile, voire n\u00e9cessaire, le recours \u00e0 telle ou telle notion, telle ou telle proc\u00e9dure.<\/p>\r\n<\/div>\r\n\r\n\r\n\r\n<div class=\"wp-block-column is-layout-flow wp-block-column-is-layout-flow\" style=\"flex-basis: 33.33%;\">\r\n<figure class=\"wp-block-image size-full\"><img loading=\"lazy\" decoding=\"async\" width=\"366\" height=\"352\" class=\"wp-image-4843\" src=\"https:\/\/la-petite-fabrique-de-grammaire.fr\/wp-content\/uploads\/2024\/05\/Adami-autoportrait.15-1.png\" alt=\"\" srcset=\"https:\/\/la-petite-fabrique-de-grammaire.fr\/wp-content\/uploads\/2024\/05\/Adami-autoportrait.15-1.png 366w, https:\/\/la-petite-fabrique-de-grammaire.fr\/wp-content\/uploads\/2024\/05\/Adami-autoportrait.15-1-300x289.png 300w\" sizes=\"auto, (max-width: 366px) 100vw, 366px\" \/><\/figure>\r\n<\/div>\r\n<\/div>\r\n\r\n\r\n\r\n<p style=\"text-align: justify;\">\u00a0<\/p>\r\n\r\n\r\n\r\n<p><a href=\"https:\/\/la-petite-fabrique-de-grammaire.fr\/?page_id=2509\">Situations d&rsquo;\u00e9criture CE2<\/a><\/p>\r\n\r\n\r\n\r\n<p><a href=\"https:\/\/la-petite-fabrique-de-grammaire.fr\/?page_id=2512\">Situations d&rsquo;\u00e9criture CM1<\/a><\/p>\r\n\r\n\r\n\r\n<p><a href=\"https:\/\/la-petite-fabrique-de-grammaire.fr\/?page_id=2515\">Situations d&rsquo;\u00e9criture CM2<\/a><\/p>\r\n","protected":false},"excerpt":{"rendered":"<p>SITUATIONS D&rsquo;\u00c9CRITURE Du bon usage de ces propositions d&rsquo;\u00e9criture La finalit\u00e9 de l&rsquo;enseignement de la grammaire est d&rsquo;am\u00e9liorer les comp\u00e9tences des \u00e9l\u00e8ves pour lire et pour \u00e9crire. Voil\u00e0 pourquoi il nous semble utile d&rsquo;offrir aux \u00e9l\u00e8ves l&rsquo;occasion de constater l&rsquo;aide que peut apporter une meilleure connaissance de la grammaire. On trouvera plusieurs types de consignes [&hellip;]<\/p>\n","protected":false},"author":1,"featured_media":0,"parent":0,"menu_order":0,"comment_status":"closed","ping_status":"closed","template":"","meta":{"footnotes":""},"class_list":["post-113","page","type-page","status-publish","hentry"],"_links":{"self":[{"href":"https:\/\/la-petite-fabrique-de-grammaire.fr\/index.php?rest_route=\/wp\/v2\/pages\/113","targetHints":{"allow":["GET"]}}],"collection":[{"href":"https:\/\/la-petite-fabrique-de-grammaire.fr\/index.php?rest_route=\/wp\/v2\/pages"}],"about":[{"href":"https:\/\/la-petite-fabrique-de-grammaire.fr\/index.php?rest_route=\/wp\/v2\/types\/page"}],"author":[{"embeddable":true,"href":"https:\/\/la-petite-fabrique-de-grammaire.fr\/index.php?rest_route=\/wp\/v2\/users\/1"}],"replies":[{"embeddable":true,"href":"https:\/\/la-petite-fabrique-de-grammaire.fr\/index.php?rest_route=%2Fwp%2Fv2%2Fcomments&post=113"}],"version-history":[{"count":29,"href":"https:\/\/la-petite-fabrique-de-grammaire.fr\/index.php?rest_route=\/wp\/v2\/pages\/113\/revisions"}],"predecessor-version":[{"id":6633,"href":"https:\/\/la-petite-fabrique-de-grammaire.fr\/index.php?rest_route=\/wp\/v2\/pages\/113\/revisions\/6633"}],"wp:attachment":[{"href":"https:\/\/la-petite-fabrique-de-grammaire.fr\/index.php?rest_route=%2Fwp%2Fv2%2Fmedia&parent=113"}],"curies":[{"name":"wp","href":"https:\/\/api.w.org\/{rel}","templated":true}]}}