{"id":111,"date":"2023-11-04T15:57:20","date_gmt":"2023-11-04T14:57:20","guid":{"rendered":"https:\/\/la-petite-fabrique-de-grammaire.fr\/?page_id=111"},"modified":"2024-04-09T17:57:08","modified_gmt":"2024-04-09T15:57:08","slug":"segmenter","status":"publish","type":"page","link":"https:\/\/la-petite-fabrique-de-grammaire.fr\/?page_id=111","title":{"rendered":"Segmenter"},"content":{"rendered":"<p><strong>SEGMENTER<\/strong><\/p>\n<p style=\"text-align: justify;\">Dans ce domaine sont \u00e9tudi\u00e9s les \u00e9l\u00e9ments qui permettent de segmenter la suite des lettres : le blanc, le tiret ou l&rsquo;apostrophe entre les mots, les points entre les phrases, les alin\u00e9as entre les paragraphes.<\/p>\n<p style=\"text-align: justify;\">Dans les tableaux qui suivent, les titres des le\u00e7ons sont pr\u00e9c\u00e9d\u00e9s du num\u00e9ro d&rsquo;ordre que la le\u00e7on occupe dans la programmation propos\u00e9e.<br \/>\nIls sont en gras si la le\u00e7on parait incontournable, en maigre quand il s&rsquo;agit d&rsquo;une r\u00e9vision.<br \/>\nIls sont en couleurs. Ces couleurs correspondent \u00e0 diff\u00e9rentes mani\u00e8res d&rsquo;aborder la notion grammaticales.<br \/>\n<span style=\"color: #4472c4;\"><strong>En bleu<\/strong><\/span>, la le\u00e7on vise un lien entre le langage et la grammaire, entre la compr\u00e9hension et la notion grammaticale, soit qu&rsquo;elle permette de l&rsquo;introduire, soit que la notion ait \u00e9t\u00e9 d\u00e9j\u00e0 \u00e9tudi\u00e9e et que la le\u00e7on lui donne du sens.<br \/>\n<span style=\"color: #70ad47;\"><strong>En vert<\/strong><\/span>, la le\u00e7on propose d&rsquo;investiguer une notion grammaticale, par l&rsquo;observation ou des activit\u00e9s de classement, de variation&#8230;<br \/>\n<span style=\"color: #ed7d31;\"><strong>En orange<\/strong><\/span>, la le\u00e7on vise un entrainement de proc\u00e9dures, une syst\u00e9matisation, une mise en perspective&#8230;<\/p>\n<p style=\"text-align: justify;\">\n<table id=\"tablepress-22\" class=\"tablepress tablepress-id-22 tbody-has-connected-cells\">\n<thead>\n<tr class=\"row-1\">\n\t<th colspan=\"2\" class=\"column-1\"><span style=\"color:#7030A0;\"> Segmenter<\/span><\/th><td class=\"column-3\"><\/td><td class=\"column-4\"><\/td><td class=\"column-5\"><\/td><td class=\"column-6\"><\/td><td class=\"column-7\"><\/td><td class=\"column-8\"><\/td><td class=\"column-9\"><\/td><td class=\"column-10\"><\/td>\n<\/tr>\n<\/thead>\n<tbody class=\"row-striping row-hover\">\n<tr class=\"row-2\">\n\t<td class=\"column-1\"><\/td><td class=\"column-2\"><\/td><td class=\"column-3\"><\/td><td class=\"column-4\"><\/td><td class=\"column-5\"><\/td><td class=\"column-6\"><\/td><td class=\"column-7\"><\/td><td class=\"column-8\"><\/td><td class=\"column-9\"><\/td><td class=\"column-10\"><\/td>\n<\/tr>\n<tr class=\"row-3\">\n\t<td class=\"column-1\"><\/td><td class=\"column-2\"><strong>Titre de la le\u00e7on<\/strong><\/td><td class=\"column-3\"><strong>Objectifs<\/strong><\/td><td class=\"column-4\"><strong>Activit\u00e9 des \u00e9l\u00e8ves<\/strong><\/td><td class=\"column-5\"><strong>Ressources pour la classe<\/strong><\/td><td class=\"column-6\"><\/td><td class=\"column-7\"><\/td><td class=\"column-8\"><\/td><td class=\"column-9\"><\/td><td class=\"column-10\"><\/td>\n<\/tr>\n<tr class=\"row-4\">\n\t<td class=\"column-1\"><strong>CE1<\/strong><\/td><td class=\"column-2\"><\/td><td class=\"column-3\"><\/td><td class=\"column-4\"><\/td><td class=\"column-5\"><\/td><td class=\"column-6\"><\/td><td class=\"column-7\"><\/td><td class=\"column-8\"><\/td><td class=\"column-9\"><\/td><td class=\"column-10\"><\/td>\n<\/tr>\n<tr class=\"row-5\">\n\t<td class=\"column-1\">Liaison et \u00e9lision<\/td><td class=\"column-2\"><span style=\"color:#70AD47;\"><strong>27 - Les deux amis<\/strong><\/span><\/td><td class=\"column-3\">Le risque d'erreurs li\u00e9es \u00e0 la rencontre entre une consonne qui termine un mot et la voyelle qui comment le mot suivant<\/td><td class=\"column-4\">Analyse d'erreurs<\/td><td class=\"column-5\"><em>Guide p\u00e9dagogique CE1<\/em>, Hatier, <br \/>\npp. 74-77<\/td><td class=\"column-6\"><\/td><td class=\"column-7\"><\/td><td class=\"column-8\"><\/td><td class=\"column-9\"><\/td><td class=\"column-10\"><\/td>\n<\/tr>\n<tr class=\"row-6\">\n\t<td class=\"column-1\">Le <em>ne<\/em> de la n\u00e9gation<\/td><td class=\"column-2\"><span style=\"color:#70AD47;\"><strong>53 - Les briques \u00e0 lunettes<\/strong><\/span><\/td><td class=\"column-3\">N\u00e9gation en deux mots<\/td><td class=\"column-4\">Faire varier des phrases affirmatives en n\u00e9gatives<\/td><td class=\"column-5\"><em>Guide p\u00e9dagogique CE1<\/em>, Hatier, <br \/>\npp. 156-158<\/td><td class=\"column-6\"><\/td><td class=\"column-7\"><\/td><td class=\"column-8\"><\/td><td class=\"column-9\"><\/td><td class=\"column-10\"><\/td>\n<\/tr>\n<tr class=\"row-7\">\n\t<td class=\"column-1\"><strong>CE2<\/strong><\/td><td class=\"column-2\"><\/td><td class=\"column-3\"><\/td><td class=\"column-4\"><\/td><td class=\"column-5\"><\/td><td class=\"column-6\"><\/td><td class=\"column-7\"><\/td><td class=\"column-8\"><\/td><td class=\"column-9\"><\/td><td class=\"column-10\"><\/td>\n<\/tr>\n<tr class=\"row-8\">\n\t<td class=\"column-1\">Place du compl\u00e9ment de phrase<\/td><td class=\"column-2\"><span style=\"color:#4472C4;\">53 - Des points bien en place<span><\/td><td class=\"column-3\">Place du compl\u00e9ment de phrase en t\u00eate ou en fin de phrase (= d\u00e9pla\u00e7able).<\/td><td class=\"column-4\">Ponctuer un court texte de diff\u00e9rentes fa\u00e7ons en fonction de la compr\u00e9hension.<\/td><td class=\"column-5\"><a href=\"http:\/\/la-petite-fabrique-de-grammaire.fr\/wp-content\/uploads\/2024\/04\/GP-CE2-P4-53-Des-points-bien-en-place.pdf\" rel=\"noopener\" target=\"_blank\">le\u00e7on<\/a><br \/>\n<br \/>\n<a href=\"http:\/\/la-petite-fabrique-de-grammaire.fr\/wp-content\/uploads\/2024\/04\/FP-53-Des-points-bien-en-place.pdf\" rel=\"noopener\" target=\"_blank\">fiche \u00e0 photocopier<\/a><\/td><td class=\"column-6\"><a href=\"http:\/\/la-petite-fabrique-de-grammaire.fr\/wp-content\/uploads\/2024\/04\/DP-53-Des-points-bien-en-place.pdf\" rel=\"noopener\" target=\"_blank\">Diaporama \u00e0 consulter<\/a><br \/>\n<br \/>\n<a href=\"http:\/\/la-petite-fabrique-de-grammaire.fr\/wp-content\/uploads\/2024\/04\/DP-53-Des-points-bien-en-place.pptx\">Diaporama \u00e0 t\u00e9l\u00e9charger<\/a><\/td><td class=\"column-7\"><\/td><td class=\"column-8\"><\/td><td class=\"column-9\"><\/td><td class=\"column-10\"><\/td>\n<\/tr>\n<tr class=\"row-9\">\n\t<td class=\"column-1\"><strong>CM1<\/strong><\/td><td class=\"column-2\"><\/td><td class=\"column-3\"><\/td><td class=\"column-4\"><\/td><td class=\"column-5\"><\/td><td class=\"column-6\"><\/td><td class=\"column-7\"><\/td><td class=\"column-8\"><\/td><td class=\"column-9\"><\/td><td class=\"column-10\"><\/td>\n<\/tr>\n<tr class=\"row-10\">\n\t<td class=\"column-1\">Pronoms et possessifs anaphoriques<\/td><td class=\"column-2\"><span style=\"color:#4472C4;\"><strong>14 - Ratinos et compagnie<\/strong><\/span><\/td><td class=\"column-3\">Comprendre le jeu des pronoms et possessifs anaphoriques au niveau des phrases, des relations entre les phrases, des paragraphes<\/td><td class=\"column-4\">Segmenter en phrases et supprimer des r\u00e9p\u00e9titions en cherchant des substituts.<\/td><td class=\"column-5\"><a href=\"http:\/\/la-petite-fabrique-de-grammaire.fr\/wp-content\/uploads\/2023\/12\/Ratinos-et-compagnie-GP.pdf\" rel=\"noopener\" target=\"_blank\">le\u00e7on<\/a><br \/>\n<br \/>\n<a href=\"http:\/\/la-petite-fabrique-de-grammaire.fr\/wp-content\/uploads\/2023\/12\/Ratinos-et-compagnie-FP.pdf\" rel=\"noopener\" target=\"_blank\">fiche \u00e0 photocopier<\/a><\/td><td class=\"column-6\"><a href=\"http:\/\/la-petite-fabrique-de-grammaire.fr\/wp-content\/uploads\/2023\/12\/Ratinos-et-compagnie-DP.pdf\" rel=\"noopener\" target=\"_blank\">Diaporama \u00e0 consulter<\/a><br \/>\n<br \/>\n<a href=\"http:\/\/la-petite-fabrique-de-grammaire.fr\/wp-content\/uploads\/2023\/12\/Ratinos-et-compagnie-DP.pptx\">Diaporama \u00e0 t\u00e9l\u00e9charger<\/a><\/td><td class=\"column-7\"><\/td><td class=\"column-8\"><\/td><td class=\"column-9\"><\/td><td class=\"column-10\"><\/td>\n<\/tr>\n<tr class=\"row-11\">\n\t<td class=\"column-1\">Place des compl\u00e9ments de phrase<br \/>\nPonctuation pour s\u00e9parer les phrases<\/td><td class=\"column-2\"><span style=\"color:#70AD47;\"><strong>47 - Des phrases bien balanc\u00e9es<\/strong><\/span><\/td><td class=\"column-3\">Place en t\u00eate ou en queue de phrase des compl\u00e9ments de phrase<\/td><td class=\"column-4\">Ponctuer un texte en fonction de la place du compl\u00e9ment de phrase.<\/td><td class=\"column-5\"><a href=\"http:\/\/la-petite-fabrique-de-grammaire.fr\/wp-content\/uploads\/2025\/08\/47-GP-Situation-Des-phrases-bien-balancees.pdf\" target=\"_blank\">le\u00e7on<\/a><br \/>\n<br \/>\n<a href=\"http:\/\/la-petite-fabrique-de-grammaire.fr\/wp-content\/uploads\/2025\/08\/47-FP-Des-phrases-bien-balancees.pdf\" target=\"_blank\">fiche \u00e0 photocopier<\/a><\/td><td class=\"column-6\"><a href=\"http:\/\/la-petite-fabrique-de-grammaire.fr\/wp-content\/uploads\/2025\/08\/47-DP-Des-phrases-bien-balancees.pdf\" target=\"_blank\">Diaporama \u00e0 consulter<\/a><br \/>\n<br \/>\n<a href=\"http:\/\/la-petite-fabrique-de-grammaire.fr\/wp-content\/uploads\/2025\/08\/47-DP-Des-phrases-bien-balancees.pptx\">Diaporama \u00e0 t\u00e9l\u00e9charger<\/a><\/td><td class=\"column-7\"><\/td><td class=\"column-8\"><\/td><td class=\"column-9\"><\/td><td class=\"column-10\"><\/td>\n<\/tr>\n<tr class=\"row-12\">\n\t<td class=\"column-1\">Organisation du texte descriptif<\/td><td class=\"column-2\"><span style=\"color:#4472C4;\"><strong>53 - Portraits - D\u00e9crire n'est pas raconter<\/strong><\/span><br \/>\n<\/td><td class=\"column-3\">La progression th\u00e9matique \u00e0 th\u00e8me constant et la progression \u00e0 th\u00e8me \u00e9clat\u00e9<\/td><td class=\"column-4\">Produire puis comparer un court r\u00e9cit et un portrait. R\u00e9\u00e9crire le portrait en fonction de l'\u00e9tude d'un texte mod\u00e8le<\/td><td class=\"column-5\"><a href=\"http:\/\/la-petite-fabrique-de-grammaire.fr\/wp-content\/uploads\/2025\/10\/53-GP-CM1-Decrire-nest-pas-raconter.pdf\" target=\"_blank\">le\u00e7on<\/a><br \/>\n<br \/>\n<a href=\"http:\/\/la-petite-fabrique-de-grammaire.fr\/wp-content\/uploads\/2025\/10\/53-FP-CM1-Decrire-nest-pas-raconter.pdf\" target=\"_blank\">fiche \u00e0 photocopier<\/a><\/td><td class=\"column-6\"><a href=\"http:\/\/la-petite-fabrique-de-grammaire.fr\/wp-content\/uploads\/2025\/10\/53-DP-CM1-Decrire-nest-pas-raconter.pdf\" target=\"_blank\">Diaporama \u00e0 consulter<\/a><br \/>\n<br \/>\n<a href=\"http:\/\/la-petite-fabrique-de-grammaire.fr\/wp-content\/uploads\/2025\/10\/53-DP-CM1-Decrire-nest-pas-raconter.pptx\">Diaporama \u00e0 t\u00e9l\u00e9charger<\/a><\/td><td class=\"column-7\"><\/td><td class=\"column-8\"><\/td><td class=\"column-9\"><\/td><td class=\"column-10\"><\/td>\n<\/tr>\n<tr class=\"row-13\">\n\t<td class=\"column-1\">Ponctuation, syntaxe et oralit\u00e9<\/td><td class=\"column-2\"><span style=\"color:#4472C4;\">60 - \u00c0 voix haute<\/span><\/td><td class=\"column-3\">L'importance de faire sentir les groupes syntaxiques, la possibilit\u00e9 de faire des effets.<\/td><td class=\"column-4\">Analyser les phrases pour produire une lecture orale<\/td><td class=\"column-5\"><a href=\"http:\/\/la-petite-fabrique-de-grammaire.fr\/wp-content\/uploads\/2025\/12\/60-CM1-GP-A-voix-haute.pdf\" target=\"_blank\">le\u00e7on<\/a><br \/>\n<br \/>\n<a href=\"http:\/\/la-petite-fabrique-de-grammaire.fr\/wp-content\/uploads\/2025\/11\/60-CM1-FP-A-voix-haute.pdf\" target=\"_blank\">fiche \u00e0 photocopier<\/a><\/td><td class=\"column-6\"><a href=\"http:\/\/la-petite-fabrique-de-grammaire.fr\/wp-content\/uploads\/2025\/11\/60-CM1-DP-A-voix-haute.pdf\" target=\"_blank\">Diaporama \u00e0 consulter<\/a><br \/>\n<br \/>\n<a href=\"http:\/\/la-petite-fabrique-de-grammaire.fr\/wp-content\/uploads\/2025\/11\/60-CM1-DP-A-voix-haute.pptx\">Diaporama \u00e0 t\u00e9l\u00e9charger<\/a><\/td><td class=\"column-7\"><\/td><td class=\"column-8\"><\/td><td class=\"column-9\"><\/td><td class=\"column-10\"><\/td>\n<\/tr>\n<tr class=\"row-14\">\n\t<td class=\"column-1\"><\/td><td class=\"column-2\"><\/td><td class=\"column-3\"><\/td><td class=\"column-4\"><\/td><td class=\"column-5\"><\/td><td class=\"column-6\"><\/td><td class=\"column-7\"><\/td><td class=\"column-8\"><\/td><td class=\"column-9\"><\/td><td class=\"column-10\"><\/td>\n<\/tr>\n<tr class=\"row-15\">\n\t<td colspan=\"4\" class=\"column-1\"><strong>Pour une vue d'ensemble au CM1 : liste des objectifs et traces \u00e9crites<\/strong><\/td><td colspan=\"2\" class=\"column-5\"><a href=\"http:\/\/la-petite-fabrique-de-grammaire.fr\/wp-content\/uploads\/2025\/09\/CM1-Liste-des-traces-ecrites-Segmenter.pdf\" target=\"_blank\">Liste traces \u00e9crites<\/a><\/td><td class=\"column-7\"><\/td><td class=\"column-8\"><\/td><td class=\"column-9\"><\/td><td class=\"column-10\"><\/td>\n<\/tr>\n<tr class=\"row-16\">\n\t<td class=\"column-1\"><\/td><td class=\"column-2\"><\/td><td class=\"column-3\"><\/td><td class=\"column-4\"><\/td><td class=\"column-5\"><\/td><td class=\"column-6\"><\/td><td class=\"column-7\"><\/td><td class=\"column-8\"><\/td><td class=\"column-9\"><\/td><td class=\"column-10\"><\/td>\n<\/tr>\n<tr class=\"row-17\">\n\t<td class=\"column-1\"><strong>CM2<\/strong><\/td><td class=\"column-2\"><\/td><td class=\"column-3\"><\/td><td class=\"column-4\"><\/td><td class=\"column-5\"><\/td><td class=\"column-6\"><\/td><td class=\"column-7\"><\/td><td class=\"column-8\"><\/td><td class=\"column-9\"><\/td><td class=\"column-10\"><\/td>\n<\/tr>\n<tr class=\"row-18\">\n\t<td class=\"column-1\">Ponctuation et oralit\u00e9<\/td><td class=\"column-2\"><span style=\"color:#ED7D31;\"><strong>26 - Ponctuer, oraliser<\/strong><\/span><\/td><td class=\"column-3\">Relativiser l\u2019usage de l\u2019oralisation pour ponctuer.<\/td><td class=\"column-4\">Segmenter en phrases.<\/td><td class=\"column-5\"><a href=\"http:\/\/la-petite-fabrique-de-grammaire.fr\/wp-content\/uploads\/2023\/12\/Ponctuer-oraliser-GP.pdf\" rel=\"noopener\" target=\"_blank\">le\u00e7on<\/a><br \/>\n<br \/>\n<a href=\"http:\/\/la-petite-fabrique-de-grammaire.fr\/wp-content\/uploads\/2023\/12\/Ponctuer-oraliser-FP.pdf\" rel=\"noopener\" target=\"_blank\">fiche \u00e0 photocopier<\/a><\/td><td class=\"column-6\"><a href=\"http:\/\/la-petite-fabrique-de-grammaire.fr\/wp-content\/uploads\/2023\/12\/Ponctuer-oraliser-DP.pdf\" rel=\"noopener\" target=\"_blank\">Diaporama \u00e0 consulter<\/a><br \/>\n<br \/>\n<a href=\"http:\/\/la-petite-fabrique-de-grammaire.fr\/wp-content\/uploads\/2023\/12\/Ponctuer-oraliser-DP.pptx\">Diaporama \u00e0 t\u00e9l\u00e9charger<\/a><\/td><td class=\"column-7\"><\/td><td class=\"column-8\"><\/td><td class=\"column-9\"><\/td><td class=\"column-10\"><\/td>\n<\/tr>\n<tr class=\"row-19\">\n\t<td class=\"column-1\">Segmentation en paragraphes<\/td><td class=\"column-2\"><span style=\"color:#4472C4;\"><strong>28 - D\u00e9couper un texte<\/strong><\/span><\/td><td class=\"column-3\">Identifier des organisateurs du texte pour le d\u00e9couper en paragraphe<\/td><td class=\"column-4\">Segmenter un texte en paragraphes<\/td><td class=\"column-5\"><a href=\"http:\/\/la-petite-fabrique-de-grammaire.fr\/wp-content\/uploads\/2023\/12\/Decouper-un-texte-GP.pdf\" rel=\"noopener\" target=\"_blank\">le\u00e7on<\/a><br \/>\n<br \/>\n<a href=\"http:\/\/la-petite-fabrique-de-grammaire.fr\/wp-content\/uploads\/2023\/12\/Decouper-un-texte-FP.pdf\" rel=\"noopener\" target=\"_blank\">fiche \u00e0 photocopier<\/a><\/td><td class=\"column-6\"><a href=\"http:\/\/la-petite-fabrique-de-grammaire.fr\/wp-content\/uploads\/2023\/12\/Decouper-un-texte-DP.pdf\" rel=\"noopener\" target=\"_blank\">Diaporama \u00e0 consulter<\/a><br \/>\n<br \/>\n<a href=\"http:\/\/la-petite-fabrique-de-grammaire.fr\/wp-content\/uploads\/2023\/12\/Decouper-un-texte-DP.pptx\">Diaporama \u00e0 t\u00e9l\u00e9charger<\/a><\/td><td class=\"column-7\"><\/td><td class=\"column-8\"><\/td><td class=\"column-9\"><\/td><td class=\"column-10\"><\/td>\n<\/tr>\n<\/tbody>\n<\/table>\n<!-- #tablepress-22 from cache --><\/p>\n","protected":false},"excerpt":{"rendered":"<p>SEGMENTER Dans ce domaine sont \u00e9tudi\u00e9s les \u00e9l\u00e9ments qui permettent de segmenter la suite des lettres : le blanc, le tiret ou l&rsquo;apostrophe entre les mots, les points entre les phrases, les alin\u00e9as entre les paragraphes. Dans les tableaux qui suivent, les titres des le\u00e7ons sont pr\u00e9c\u00e9d\u00e9s du num\u00e9ro d&rsquo;ordre que la le\u00e7on occupe dans [&hellip;]<\/p>\n","protected":false},"author":1,"featured_media":0,"parent":0,"menu_order":0,"comment_status":"closed","ping_status":"closed","template":"","meta":{"footnotes":""},"class_list":["post-111","page","type-page","status-publish","hentry"],"_links":{"self":[{"href":"https:\/\/la-petite-fabrique-de-grammaire.fr\/index.php?rest_route=\/wp\/v2\/pages\/111","targetHints":{"allow":["GET"]}}],"collection":[{"href":"https:\/\/la-petite-fabrique-de-grammaire.fr\/index.php?rest_route=\/wp\/v2\/pages"}],"about":[{"href":"https:\/\/la-petite-fabrique-de-grammaire.fr\/index.php?rest_route=\/wp\/v2\/types\/page"}],"author":[{"embeddable":true,"href":"https:\/\/la-petite-fabrique-de-grammaire.fr\/index.php?rest_route=\/wp\/v2\/users\/1"}],"replies":[{"embeddable":true,"href":"https:\/\/la-petite-fabrique-de-grammaire.fr\/index.php?rest_route=%2Fwp%2Fv2%2Fcomments&post=111"}],"version-history":[{"count":10,"href":"https:\/\/la-petite-fabrique-de-grammaire.fr\/index.php?rest_route=\/wp\/v2\/pages\/111\/revisions"}],"predecessor-version":[{"id":3668,"href":"https:\/\/la-petite-fabrique-de-grammaire.fr\/index.php?rest_route=\/wp\/v2\/pages\/111\/revisions\/3668"}],"wp:attachment":[{"href":"https:\/\/la-petite-fabrique-de-grammaire.fr\/index.php?rest_route=%2Fwp%2Fv2%2Fmedia&parent=111"}],"curies":[{"name":"wp","href":"https:\/\/api.w.org\/{rel}","templated":true}]}}